{"id":4713,"date":"2024-06-05T11:43:02","date_gmt":"2024-06-05T09:43:02","guid":{"rendered":"https:\/\/fromago.info\/aef\/concurso-de-mascotes-fromago"},"modified":"2024-07-17T10:09:51","modified_gmt":"2024-07-17T08:09:51","slug":"concurso-de-mascotes-fromago","status":"publish","type":"page","link":"https:\/\/fromago.info\/pt-pt\/concurso-de-mascotes-fromago\/","title":{"rendered":"Concurso de mascotes Fromago"},"content":{"rendered":"\n<div style=\"height:50px\" aria-hidden=\"true\" class=\"wp-block-spacer\"><\/div>\n\n<p>Para a segunda edi\u00e7\u00e3o da Fromago, a Feira Mundial do Queijo, estamos a organizar um concurso para escolher o nome da mascote da feira.  <\/p>\n\n<p><strong>REQUISITOS<\/strong> <\/p>\n\n<p>&#8211; Segue o Fromago na rede social correspondente  <\/p>\n\n<p>&#8211; Gosta&#8221; ou &#8220;Curte&#8221; a publica\u00e7\u00e3o  <\/p>\n\n<p>&#8211; Deixa um coment\u00e1rio com o nome que o utilizador daria ao animal de estima\u00e7\u00e3o  <\/p>\n\n<p>&#8211; Menciona uma pessoa (@&#8230;) com quem gostarias de ir a Fromago  <\/p>\n\n<ul class=\"wp-block-list\">\n<li>Podes mencionar as pessoas que quiseres sem repeti\u00e7\u00e3o de men\u00e7\u00f5es. Cada men\u00e7\u00e3o equivale a uma participa\u00e7\u00e3o.  <\/li>\n<\/ul>\n\n<ul class=\"wp-block-list\">\n<li>Opcionalmente, para uma participa\u00e7\u00e3o adicional, podes enviar uma hist\u00f3ria para as hist\u00f3rias do Instagram partilhando o post e mencionando @fromagozamora.  <\/li>\n<\/ul>\n\n<div style=\"height:50px\" aria-hidden=\"true\" class=\"wp-block-spacer\"><\/div>\n\n<p><strong>PRAZO DE PARTICIPA\u00c7\u00c3O<\/strong> <\/p>\n\n<p>De 17 de junho a 14 de julho. Se o concurso for prolongado, ser\u00e1s informado atrav\u00e9s das redes sociais oficiais.  <\/p>\n\n<p><strong>PR\u00c9MIOS<\/strong> <\/p>\n\n<p>Ser\u00e1 anunciado um \u00fanico vencedor de entre todos os que participaram atrav\u00e9s de coment\u00e1rios nas publica\u00e7\u00f5es do Facebook, Instagram e Twitter. O vencedor receber\u00e1 o seguinte pr\u00e9mio: um lote de queijo e quatro bilhetes para os t\u00faneis de queijo.  <\/p>\n\n<p><strong>J\u00daRI<\/strong> <\/p>\n\n<p>Uma vez terminado o prazo de participa\u00e7\u00e3o, o j\u00fari formado pela Organiza\u00e7\u00e3o Fromago 2024 decidir\u00e1 o vencedor, que ser\u00e1 comunicado atrav\u00e9s dos perfis oficiais de Fromago nas redes sociais.  <\/p>\n","protected":false},"excerpt":{"rendered":"<p>Para a segunda edi\u00e7\u00e3o da Fromago, a Feira Mundial do Queijo, estamos a organizar um concurso para escolher o nome da mascote da feira. REQUISITOS &#8211; Segue o Fromago na rede social correspondente &#8211; Gosta&#8221; ou &#8220;Curte&#8221; a publica\u00e7\u00e3o &#8211; Deixa um coment\u00e1rio com o nome que o utilizador daria ao animal de estima\u00e7\u00e3o &#8211; [&hellip;]<\/p>\n","protected":false},"author":1,"featured_media":0,"parent":0,"menu_order":0,"comment_status":"closed","ping_status":"closed","template":"","meta":{"_acf_changed":false,"om_disable_all_campaigns":false,"footnotes":""},"class_list":["post-4713","page","type-page","status-publish","hentry"],"acf":[],"yoast_head":"<!-- This site is optimized with the Yoast SEO plugin v27.3 - https:\/\/yoast.com\/product\/yoast-seo-wordpress\/ -->\n<title>Concurso de mascotes Fromago - Fromago 2026 - Cheese Experience - Zamora<\/title>\n<meta name=\"robots\" content=\"index, follow, max-snippet:-1, max-image-preview:large, max-video-preview:-1\" \/>\n<link rel=\"canonical\" href=\"https:\/\/fromago.info\/pt-pt\/concurso-de-mascotes-fromago\/\" \/>\n<meta property=\"og:locale\" content=\"pt_PT\" \/>\n<meta property=\"og:type\" content=\"article\" \/>\n<meta property=\"og:title\" content=\"Concurso de mascotes Fromago - Fromago 2026 - Cheese Experience - Zamora\" \/>\n<meta property=\"og:description\" content=\"Para a segunda edi\u00e7\u00e3o da Fromago, a Feira Mundial do Queijo, estamos a organizar um concurso para escolher o nome da mascote da feira. REQUISITOS &#8211; Segue o Fromago na rede social correspondente &#8211; Gosta&#8221; ou &#8220;Curte&#8221; a publica\u00e7\u00e3o &#8211; Deixa um coment\u00e1rio com o nome que o utilizador daria ao animal de estima\u00e7\u00e3o &#8211; [&hellip;]\" \/>\n<meta property=\"og:url\" content=\"https:\/\/fromago.info\/pt-pt\/concurso-de-mascotes-fromago\/\" \/>\n<meta property=\"og:site_name\" content=\"Fromago 2026 - Cheese Experience - Zamora\" \/>\n<meta property=\"article:publisher\" content=\"https:\/\/www.facebook.com\/FromagoZamora\/\" \/>\n<meta property=\"article:modified_time\" content=\"2024-07-17T08:09:51+00:00\" \/>\n<meta property=\"og:image\" content=\"https:\/\/fromago.info\/aef\/wp-content\/uploads\/logo-fromago-triangulo.jpg\" \/>\n\t<meta property=\"og:image:width\" content=\"1417\" \/>\n\t<meta property=\"og:image:height\" content=\"1417\" \/>\n\t<meta property=\"og:image:type\" content=\"image\/jpeg\" \/>\n<meta name=\"twitter:card\" content=\"summary_large_image\" \/>\n<meta name=\"twitter:site\" content=\"@FromagoZamora\" \/>\n<meta name=\"twitter:label1\" content=\"Tempo estimado de leitura\" \/>\n\t<meta name=\"twitter:data1\" content=\"1 minuto\" \/>\n<script type=\"application\/ld+json\" class=\"yoast-schema-graph\">{\"@context\":\"https:\\\/\\\/schema.org\",\"@graph\":[{\"@type\":\"WebPage\",\"@id\":\"https:\\\/\\\/fromago.info\\\/pt-pt\\\/concurso-de-mascotes-fromago\\\/\",\"url\":\"https:\\\/\\\/fromago.info\\\/pt-pt\\\/concurso-de-mascotes-fromago\\\/\",\"name\":\"Concurso de mascotes Fromago - Fromago 2026 - Cheese Experience - Zamora\",\"isPartOf\":{\"@id\":\"https:\\\/\\\/fromago.info\\\/pt-pt\\\/#website\"},\"datePublished\":\"2024-06-05T09:43:02+00:00\",\"dateModified\":\"2024-07-17T08:09:51+00:00\",\"breadcrumb\":{\"@id\":\"https:\\\/\\\/fromago.info\\\/pt-pt\\\/concurso-de-mascotes-fromago\\\/#breadcrumb\"},\"inLanguage\":\"pt-PT\",\"potentialAction\":[{\"@type\":\"ReadAction\",\"target\":[\"https:\\\/\\\/fromago.info\\\/pt-pt\\\/concurso-de-mascotes-fromago\\\/\"]}]},{\"@type\":\"BreadcrumbList\",\"@id\":\"https:\\\/\\\/fromago.info\\\/pt-pt\\\/concurso-de-mascotes-fromago\\\/#breadcrumb\",\"itemListElement\":[{\"@type\":\"ListItem\",\"position\":1,\"name\":\"Portada\",\"item\":\"https:\\\/\\\/fromago.info\\\/pt-pt\\\/inicio\\\/\"},{\"@type\":\"ListItem\",\"position\":2,\"name\":\"Concurso de mascotes Fromago\"}]},{\"@type\":\"WebSite\",\"@id\":\"https:\\\/\\\/fromago.info\\\/pt-pt\\\/#website\",\"url\":\"https:\\\/\\\/fromago.info\\\/pt-pt\\\/\",\"name\":\"Fromago 2026 - Cheese Experience - Zamora\",\"description\":\"El mayor evento quesero de Espa\u00f1a\",\"publisher\":{\"@id\":\"https:\\\/\\\/fromago.info\\\/pt-pt\\\/#organization\"},\"alternateName\":\"Fromago 2026 - Cheese Experience\",\"potentialAction\":[{\"@type\":\"SearchAction\",\"target\":{\"@type\":\"EntryPoint\",\"urlTemplate\":\"https:\\\/\\\/fromago.info\\\/pt-pt\\\/?s={search_term_string}\"},\"query-input\":{\"@type\":\"PropertyValueSpecification\",\"valueRequired\":true,\"valueName\":\"search_term_string\"}}],\"inLanguage\":\"pt-PT\"},{\"@type\":\"Organization\",\"@id\":\"https:\\\/\\\/fromago.info\\\/pt-pt\\\/#organization\",\"name\":\"Fromago 2026 - Cheese Experience\",\"alternateName\":\"Fromago 2026 - Cheese Experience - Zamora\",\"url\":\"https:\\\/\\\/fromago.info\\\/pt-pt\\\/\",\"logo\":{\"@type\":\"ImageObject\",\"inLanguage\":\"pt-PT\",\"@id\":\"https:\\\/\\\/fromago.info\\\/pt-pt\\\/#\\\/schema\\\/logo\\\/image\\\/\",\"url\":\"https:\\\/\\\/fromago.info\\\/aef\\\/wp-content\\\/uploads\\\/logo-fromago-triangulo.jpg\",\"contentUrl\":\"https:\\\/\\\/fromago.info\\\/aef\\\/wp-content\\\/uploads\\\/logo-fromago-triangulo.jpg\",\"width\":1417,\"height\":1417,\"caption\":\"Fromago 2026 - Cheese Experience\"},\"image\":{\"@id\":\"https:\\\/\\\/fromago.info\\\/pt-pt\\\/#\\\/schema\\\/logo\\\/image\\\/\"},\"sameAs\":[\"https:\\\/\\\/www.facebook.com\\\/FromagoZamora\\\/\",\"https:\\\/\\\/x.com\\\/FromagoZamora\",\"https:\\\/\\\/www.instagram.com\\\/fromagozamora\\\/\",\"https:\\\/\\\/www.youtube.com\\\/@FromagoZamora\"]}]}<\/script>\n<!-- \/ Yoast SEO plugin. -->","yoast_head_json":{"title":"Concurso de mascotes Fromago - Fromago 2026 - Cheese Experience - Zamora","robots":{"index":"index","follow":"follow","max-snippet":"max-snippet:-1","max-image-preview":"max-image-preview:large","max-video-preview":"max-video-preview:-1"},"canonical":"https:\/\/fromago.info\/pt-pt\/concurso-de-mascotes-fromago\/","og_locale":"pt_PT","og_type":"article","og_title":"Concurso de mascotes Fromago - Fromago 2026 - Cheese Experience - Zamora","og_description":"Para a segunda edi\u00e7\u00e3o da Fromago, a Feira Mundial do Queijo, estamos a organizar um concurso para escolher o nome da mascote da feira. REQUISITOS &#8211; Segue o Fromago na rede social correspondente &#8211; Gosta&#8221; ou &#8220;Curte&#8221; a publica\u00e7\u00e3o &#8211; Deixa um coment\u00e1rio com o nome que o utilizador daria ao animal de estima\u00e7\u00e3o &#8211; [&hellip;]","og_url":"https:\/\/fromago.info\/pt-pt\/concurso-de-mascotes-fromago\/","og_site_name":"Fromago 2026 - Cheese Experience - Zamora","article_publisher":"https:\/\/www.facebook.com\/FromagoZamora\/","article_modified_time":"2024-07-17T08:09:51+00:00","og_image":[{"width":1417,"height":1417,"url":"https:\/\/fromago.info\/aef\/wp-content\/uploads\/logo-fromago-triangulo.jpg","type":"image\/jpeg"}],"twitter_card":"summary_large_image","twitter_site":"@FromagoZamora","twitter_misc":{"Tempo estimado de leitura":"1 minuto"},"schema":{"@context":"https:\/\/schema.org","@graph":[{"@type":"WebPage","@id":"https:\/\/fromago.info\/pt-pt\/concurso-de-mascotes-fromago\/","url":"https:\/\/fromago.info\/pt-pt\/concurso-de-mascotes-fromago\/","name":"Concurso de mascotes Fromago - Fromago 2026 - Cheese Experience - Zamora","isPartOf":{"@id":"https:\/\/fromago.info\/pt-pt\/#website"},"datePublished":"2024-06-05T09:43:02+00:00","dateModified":"2024-07-17T08:09:51+00:00","breadcrumb":{"@id":"https:\/\/fromago.info\/pt-pt\/concurso-de-mascotes-fromago\/#breadcrumb"},"inLanguage":"pt-PT","potentialAction":[{"@type":"ReadAction","target":["https:\/\/fromago.info\/pt-pt\/concurso-de-mascotes-fromago\/"]}]},{"@type":"BreadcrumbList","@id":"https:\/\/fromago.info\/pt-pt\/concurso-de-mascotes-fromago\/#breadcrumb","itemListElement":[{"@type":"ListItem","position":1,"name":"Portada","item":"https:\/\/fromago.info\/pt-pt\/inicio\/"},{"@type":"ListItem","position":2,"name":"Concurso de mascotes Fromago"}]},{"@type":"WebSite","@id":"https:\/\/fromago.info\/pt-pt\/#website","url":"https:\/\/fromago.info\/pt-pt\/","name":"Fromago 2026 - Cheese Experience - Zamora","description":"El mayor evento quesero de Espa\u00f1a","publisher":{"@id":"https:\/\/fromago.info\/pt-pt\/#organization"},"alternateName":"Fromago 2026 - Cheese Experience","potentialAction":[{"@type":"SearchAction","target":{"@type":"EntryPoint","urlTemplate":"https:\/\/fromago.info\/pt-pt\/?s={search_term_string}"},"query-input":{"@type":"PropertyValueSpecification","valueRequired":true,"valueName":"search_term_string"}}],"inLanguage":"pt-PT"},{"@type":"Organization","@id":"https:\/\/fromago.info\/pt-pt\/#organization","name":"Fromago 2026 - Cheese Experience","alternateName":"Fromago 2026 - Cheese Experience - Zamora","url":"https:\/\/fromago.info\/pt-pt\/","logo":{"@type":"ImageObject","inLanguage":"pt-PT","@id":"https:\/\/fromago.info\/pt-pt\/#\/schema\/logo\/image\/","url":"https:\/\/fromago.info\/aef\/wp-content\/uploads\/logo-fromago-triangulo.jpg","contentUrl":"https:\/\/fromago.info\/aef\/wp-content\/uploads\/logo-fromago-triangulo.jpg","width":1417,"height":1417,"caption":"Fromago 2026 - Cheese Experience"},"image":{"@id":"https:\/\/fromago.info\/pt-pt\/#\/schema\/logo\/image\/"},"sameAs":["https:\/\/www.facebook.com\/FromagoZamora\/","https:\/\/x.com\/FromagoZamora","https:\/\/www.instagram.com\/fromagozamora\/","https:\/\/www.youtube.com\/@FromagoZamora"]}]}},"_links":{"self":[{"href":"https:\/\/fromago.info\/pt-pt\/wp-json\/wp\/v2\/pages\/4713","targetHints":{"allow":["GET"]}}],"collection":[{"href":"https:\/\/fromago.info\/pt-pt\/wp-json\/wp\/v2\/pages"}],"about":[{"href":"https:\/\/fromago.info\/pt-pt\/wp-json\/wp\/v2\/types\/page"}],"author":[{"embeddable":true,"href":"https:\/\/fromago.info\/pt-pt\/wp-json\/wp\/v2\/users\/1"}],"replies":[{"embeddable":true,"href":"https:\/\/fromago.info\/pt-pt\/wp-json\/wp\/v2\/comments?post=4713"}],"version-history":[{"count":0,"href":"https:\/\/fromago.info\/pt-pt\/wp-json\/wp\/v2\/pages\/4713\/revisions"}],"wp:attachment":[{"href":"https:\/\/fromago.info\/pt-pt\/wp-json\/wp\/v2\/media?parent=4713"}],"curies":[{"name":"wp","href":"https:\/\/api.w.org\/{rel}","templated":true}]}}