{"id":4787,"date":"2024-06-05T12:23:53","date_gmt":"2024-06-05T10:23:53","guid":{"rendered":"https:\/\/fromago.info\/aef\/voluntarios"},"modified":"2024-06-06T00:47:21","modified_gmt":"2024-06-05T22:47:21","slug":"voluntarios","status":"publish","type":"page","link":"https:\/\/fromago.info\/pt-pt\/voluntarios\/","title":{"rendered":"Volunt\u00e1rios"},"content":{"rendered":"<p><svg aria-hidden=\"true\" viewBox=\"0 0 448 512\" xmlns=\"http:\/\/www.w3.org\/2000\/svg\"><path d=\"M134.059 296H436c6.627 0 12-5.373 12-12v-56c0-6.627-5.373-12-12-12H134.059v-46.059c0-21.382-25.851-32.09-40.971-16.971L7.029 239.029c-9.373 9.373-9.373 24.569 0 33.941l86.059 86.059c15.119 15.119 40.971 4.411 40.971-16.971V296z\"><\/path><\/svg>\t\t\t<\/p>\n<h2>VOLUNT\u00c1RIOS<\/h2>\n<h2>Queres participar na organiza\u00e7\u00e3o do<br \/><b>  II Edi\u00e7\u00e3o da Fromago Cheese Experience?  <\/b><\/p>\n<\/h2>\n<h2>Regista-te aqui<\/h2>\n","protected":false},"excerpt":{"rendered":"<p>VOLUNT\u00c1RIOS Queres participar na organiza\u00e7\u00e3o do II Edi\u00e7\u00e3o da Fromago Cheese Experience? Regista-te aqui<\/p>\n","protected":false},"author":1,"featured_media":5426,"parent":0,"menu_order":0,"comment_status":"closed","ping_status":"closed","template":"formularios.php","meta":{"_acf_changed":false,"om_disable_all_campaigns":false,"footnotes":""},"class_list":["post-4787","page","type-page","status-publish","has-post-thumbnail","hentry"],"acf":[],"yoast_head":"<!-- This site is optimized with the Yoast SEO plugin v27.3 - https:\/\/yoast.com\/product\/yoast-seo-wordpress\/ -->\n<title>Volunt\u00e1rios - Fromago 2026 - Cheese Experience - Zamora<\/title>\n<meta name=\"robots\" content=\"index, follow, max-snippet:-1, max-image-preview:large, max-video-preview:-1\" \/>\n<link rel=\"canonical\" href=\"https:\/\/fromago.info\/pt-pt\/voluntarios\/\" \/>\n<meta property=\"og:locale\" content=\"pt_PT\" \/>\n<meta property=\"og:type\" content=\"article\" \/>\n<meta property=\"og:title\" content=\"Volunt\u00e1rios - Fromago 2026 - Cheese Experience - Zamora\" \/>\n<meta property=\"og:description\" content=\"VOLUNT\u00c1RIOS Queres participar na organiza\u00e7\u00e3o do II Edi\u00e7\u00e3o da Fromago Cheese Experience? Regista-te aqui\" \/>\n<meta property=\"og:url\" content=\"https:\/\/fromago.info\/pt-pt\/voluntarios\/\" \/>\n<meta property=\"og:site_name\" content=\"Fromago 2026 - Cheese Experience - Zamora\" \/>\n<meta property=\"article:publisher\" content=\"https:\/\/www.facebook.com\/FromagoZamora\/\" \/>\n<meta property=\"article:modified_time\" content=\"2024-06-05T22:47:21+00:00\" \/>\n<meta property=\"og:image\" content=\"https:\/\/fromago.info\/aef\/wp-content\/uploads\/2024\/07\/mascota-fromago.png\" \/>\n\t<meta property=\"og:image:width\" content=\"2105\" \/>\n\t<meta property=\"og:image:height\" content=\"2940\" \/>\n\t<meta property=\"og:image:type\" content=\"image\/png\" \/>\n<meta name=\"twitter:card\" content=\"summary_large_image\" \/>\n<meta name=\"twitter:site\" content=\"@FromagoZamora\" \/>\n<script type=\"application\/ld+json\" class=\"yoast-schema-graph\">{\"@context\":\"https:\\\/\\\/schema.org\",\"@graph\":[{\"@type\":\"WebPage\",\"@id\":\"https:\\\/\\\/fromago.info\\\/pt-pt\\\/voluntarios\\\/\",\"url\":\"https:\\\/\\\/fromago.info\\\/pt-pt\\\/voluntarios\\\/\",\"name\":\"Volunt\u00e1rios - Fromago 2026 - Cheese Experience - Zamora\",\"isPartOf\":{\"@id\":\"https:\\\/\\\/fromago.info\\\/pt-pt\\\/#website\"},\"primaryImageOfPage\":{\"@id\":\"https:\\\/\\\/fromago.info\\\/pt-pt\\\/voluntarios\\\/#primaryimage\"},\"image\":{\"@id\":\"https:\\\/\\\/fromago.info\\\/pt-pt\\\/voluntarios\\\/#primaryimage\"},\"thumbnailUrl\":\"https:\\\/\\\/fromago.info\\\/aef\\\/wp-content\\\/uploads\\\/2024\\\/07\\\/mascota-fromago.png\",\"datePublished\":\"2024-06-05T10:23:53+00:00\",\"dateModified\":\"2024-06-05T22:47:21+00:00\",\"breadcrumb\":{\"@id\":\"https:\\\/\\\/fromago.info\\\/pt-pt\\\/voluntarios\\\/#breadcrumb\"},\"inLanguage\":\"pt-PT\",\"potentialAction\":[{\"@type\":\"ReadAction\",\"target\":[\"https:\\\/\\\/fromago.info\\\/pt-pt\\\/voluntarios\\\/\"]}]},{\"@type\":\"ImageObject\",\"inLanguage\":\"pt-PT\",\"@id\":\"https:\\\/\\\/fromago.info\\\/pt-pt\\\/voluntarios\\\/#primaryimage\",\"url\":\"https:\\\/\\\/fromago.info\\\/aef\\\/wp-content\\\/uploads\\\/2024\\\/07\\\/mascota-fromago.png\",\"contentUrl\":\"https:\\\/\\\/fromago.info\\\/aef\\\/wp-content\\\/uploads\\\/2024\\\/07\\\/mascota-fromago.png\",\"width\":2105,\"height\":2940},{\"@type\":\"BreadcrumbList\",\"@id\":\"https:\\\/\\\/fromago.info\\\/pt-pt\\\/voluntarios\\\/#breadcrumb\",\"itemListElement\":[{\"@type\":\"ListItem\",\"position\":1,\"name\":\"Portada\",\"item\":\"https:\\\/\\\/fromago.info\\\/pt-pt\\\/inicio\\\/\"},{\"@type\":\"ListItem\",\"position\":2,\"name\":\"Volunt\u00e1rios\"}]},{\"@type\":\"WebSite\",\"@id\":\"https:\\\/\\\/fromago.info\\\/pt-pt\\\/#website\",\"url\":\"https:\\\/\\\/fromago.info\\\/pt-pt\\\/\",\"name\":\"Fromago 2026 - Cheese Experience - Zamora\",\"description\":\"El mayor evento quesero de Espa\u00f1a\",\"publisher\":{\"@id\":\"https:\\\/\\\/fromago.info\\\/pt-pt\\\/#organization\"},\"alternateName\":\"Fromago 2026 - Cheese Experience\",\"potentialAction\":[{\"@type\":\"SearchAction\",\"target\":{\"@type\":\"EntryPoint\",\"urlTemplate\":\"https:\\\/\\\/fromago.info\\\/pt-pt\\\/?s={search_term_string}\"},\"query-input\":{\"@type\":\"PropertyValueSpecification\",\"valueRequired\":true,\"valueName\":\"search_term_string\"}}],\"inLanguage\":\"pt-PT\"},{\"@type\":\"Organization\",\"@id\":\"https:\\\/\\\/fromago.info\\\/pt-pt\\\/#organization\",\"name\":\"Fromago 2026 - Cheese Experience\",\"alternateName\":\"Fromago 2026 - Cheese Experience - Zamora\",\"url\":\"https:\\\/\\\/fromago.info\\\/pt-pt\\\/\",\"logo\":{\"@type\":\"ImageObject\",\"inLanguage\":\"pt-PT\",\"@id\":\"https:\\\/\\\/fromago.info\\\/pt-pt\\\/#\\\/schema\\\/logo\\\/image\\\/\",\"url\":\"https:\\\/\\\/fromago.info\\\/aef\\\/wp-content\\\/uploads\\\/logo-fromago-triangulo.jpg\",\"contentUrl\":\"https:\\\/\\\/fromago.info\\\/aef\\\/wp-content\\\/uploads\\\/logo-fromago-triangulo.jpg\",\"width\":1417,\"height\":1417,\"caption\":\"Fromago 2026 - Cheese Experience\"},\"image\":{\"@id\":\"https:\\\/\\\/fromago.info\\\/pt-pt\\\/#\\\/schema\\\/logo\\\/image\\\/\"},\"sameAs\":[\"https:\\\/\\\/www.facebook.com\\\/FromagoZamora\\\/\",\"https:\\\/\\\/x.com\\\/FromagoZamora\",\"https:\\\/\\\/www.instagram.com\\\/fromagozamora\\\/\",\"https:\\\/\\\/www.youtube.com\\\/@FromagoZamora\"]}]}<\/script>\n<!-- \/ Yoast SEO plugin. -->","yoast_head_json":{"title":"Volunt\u00e1rios - Fromago 2026 - Cheese Experience - Zamora","robots":{"index":"index","follow":"follow","max-snippet":"max-snippet:-1","max-image-preview":"max-image-preview:large","max-video-preview":"max-video-preview:-1"},"canonical":"https:\/\/fromago.info\/pt-pt\/voluntarios\/","og_locale":"pt_PT","og_type":"article","og_title":"Volunt\u00e1rios - Fromago 2026 - Cheese Experience - Zamora","og_description":"VOLUNT\u00c1RIOS Queres participar na organiza\u00e7\u00e3o do II Edi\u00e7\u00e3o da Fromago Cheese Experience? Regista-te aqui","og_url":"https:\/\/fromago.info\/pt-pt\/voluntarios\/","og_site_name":"Fromago 2026 - Cheese Experience - Zamora","article_publisher":"https:\/\/www.facebook.com\/FromagoZamora\/","article_modified_time":"2024-06-05T22:47:21+00:00","og_image":[{"width":2105,"height":2940,"url":"https:\/\/fromago.info\/aef\/wp-content\/uploads\/2024\/07\/mascota-fromago.png","type":"image\/png"}],"twitter_card":"summary_large_image","twitter_site":"@FromagoZamora","schema":{"@context":"https:\/\/schema.org","@graph":[{"@type":"WebPage","@id":"https:\/\/fromago.info\/pt-pt\/voluntarios\/","url":"https:\/\/fromago.info\/pt-pt\/voluntarios\/","name":"Volunt\u00e1rios - Fromago 2026 - Cheese Experience - Zamora","isPartOf":{"@id":"https:\/\/fromago.info\/pt-pt\/#website"},"primaryImageOfPage":{"@id":"https:\/\/fromago.info\/pt-pt\/voluntarios\/#primaryimage"},"image":{"@id":"https:\/\/fromago.info\/pt-pt\/voluntarios\/#primaryimage"},"thumbnailUrl":"https:\/\/fromago.info\/aef\/wp-content\/uploads\/2024\/07\/mascota-fromago.png","datePublished":"2024-06-05T10:23:53+00:00","dateModified":"2024-06-05T22:47:21+00:00","breadcrumb":{"@id":"https:\/\/fromago.info\/pt-pt\/voluntarios\/#breadcrumb"},"inLanguage":"pt-PT","potentialAction":[{"@type":"ReadAction","target":["https:\/\/fromago.info\/pt-pt\/voluntarios\/"]}]},{"@type":"ImageObject","inLanguage":"pt-PT","@id":"https:\/\/fromago.info\/pt-pt\/voluntarios\/#primaryimage","url":"https:\/\/fromago.info\/aef\/wp-content\/uploads\/2024\/07\/mascota-fromago.png","contentUrl":"https:\/\/fromago.info\/aef\/wp-content\/uploads\/2024\/07\/mascota-fromago.png","width":2105,"height":2940},{"@type":"BreadcrumbList","@id":"https:\/\/fromago.info\/pt-pt\/voluntarios\/#breadcrumb","itemListElement":[{"@type":"ListItem","position":1,"name":"Portada","item":"https:\/\/fromago.info\/pt-pt\/inicio\/"},{"@type":"ListItem","position":2,"name":"Volunt\u00e1rios"}]},{"@type":"WebSite","@id":"https:\/\/fromago.info\/pt-pt\/#website","url":"https:\/\/fromago.info\/pt-pt\/","name":"Fromago 2026 - Cheese Experience - Zamora","description":"El mayor evento quesero de Espa\u00f1a","publisher":{"@id":"https:\/\/fromago.info\/pt-pt\/#organization"},"alternateName":"Fromago 2026 - Cheese Experience","potentialAction":[{"@type":"SearchAction","target":{"@type":"EntryPoint","urlTemplate":"https:\/\/fromago.info\/pt-pt\/?s={search_term_string}"},"query-input":{"@type":"PropertyValueSpecification","valueRequired":true,"valueName":"search_term_string"}}],"inLanguage":"pt-PT"},{"@type":"Organization","@id":"https:\/\/fromago.info\/pt-pt\/#organization","name":"Fromago 2026 - Cheese Experience","alternateName":"Fromago 2026 - Cheese Experience - Zamora","url":"https:\/\/fromago.info\/pt-pt\/","logo":{"@type":"ImageObject","inLanguage":"pt-PT","@id":"https:\/\/fromago.info\/pt-pt\/#\/schema\/logo\/image\/","url":"https:\/\/fromago.info\/aef\/wp-content\/uploads\/logo-fromago-triangulo.jpg","contentUrl":"https:\/\/fromago.info\/aef\/wp-content\/uploads\/logo-fromago-triangulo.jpg","width":1417,"height":1417,"caption":"Fromago 2026 - Cheese Experience"},"image":{"@id":"https:\/\/fromago.info\/pt-pt\/#\/schema\/logo\/image\/"},"sameAs":["https:\/\/www.facebook.com\/FromagoZamora\/","https:\/\/x.com\/FromagoZamora","https:\/\/www.instagram.com\/fromagozamora\/","https:\/\/www.youtube.com\/@FromagoZamora"]}]}},"_links":{"self":[{"href":"https:\/\/fromago.info\/pt-pt\/wp-json\/wp\/v2\/pages\/4787","targetHints":{"allow":["GET"]}}],"collection":[{"href":"https:\/\/fromago.info\/pt-pt\/wp-json\/wp\/v2\/pages"}],"about":[{"href":"https:\/\/fromago.info\/pt-pt\/wp-json\/wp\/v2\/types\/page"}],"author":[{"embeddable":true,"href":"https:\/\/fromago.info\/pt-pt\/wp-json\/wp\/v2\/users\/1"}],"replies":[{"embeddable":true,"href":"https:\/\/fromago.info\/pt-pt\/wp-json\/wp\/v2\/comments?post=4787"}],"version-history":[{"count":0,"href":"https:\/\/fromago.info\/pt-pt\/wp-json\/wp\/v2\/pages\/4787\/revisions"}],"wp:featuredmedia":[{"embeddable":true,"href":"https:\/\/fromago.info\/pt-pt\/wp-json\/wp\/v2\/media\/5426"}],"wp:attachment":[{"href":"https:\/\/fromago.info\/pt-pt\/wp-json\/wp\/v2\/media?parent=4787"}],"curies":[{"name":"wp","href":"https:\/\/api.w.org\/{rel}","templated":true}]}}