{"id":6513,"date":"2024-08-09T09:12:51","date_gmt":"2024-08-09T07:12:51","guid":{"rendered":"https:\/\/fromago.info\/aef\/onde-estacionar"},"modified":"2024-08-09T09:35:46","modified_gmt":"2024-08-09T07:35:46","slug":"onde-estacionar","status":"publish","type":"page","link":"https:\/\/fromago.info\/pt-pt\/onde-estacionar\/","title":{"rendered":"Onde estacionar"},"content":{"rendered":"<p><svg aria-hidden=\"true\" viewBox=\"0 0 448 512\" xmlns=\"http:\/\/www.w3.org\/2000\/svg\"><path d=\"M134.059 296H436c6.627 0 12-5.373 12-12v-56c0-6.627-5.373-12-12-12H134.059v-46.059c0-21.382-25.851-32.09-40.971-16.971L7.029 239.029c-9.373 9.373-9.373 24.569 0 33.941l86.059 86.059c15.119 15.119 40.971 4.411 40.971-16.971V296z\"><\/path><\/svg>\t\t\t<\/p>\n<h2>ONDE ESTACIONAR<\/h2>\n<h2>Estaciona facilmente na feira Fromago Cheese Experience com  <\/h2>\n<h4><strong>Reserva o teu lugar com anteced\u00eancia<\/strong><\/h4>\n<p>Com Telpark, podes reservar antecipadamente o teu lugar de estacionamento no conforto da tua casa. Basta introduzir o motor de busca e selecionar <strong>o parque de estacionamento Marina Espa\u00f1ola em Zamora.<\/strong><\/p>\n<h4><strong>Acesso r\u00e1pido e f\u00e1cil<\/strong><\/h4>\n<p>Quando chegares ao parque de estacionamento, podes aceder-lhe facilmente com o teu telem\u00f3vel. A aplica\u00e7\u00e3o Telpark guiar-te-\u00e1 passo a passo, garantindo uma entrada e sa\u00edda tranquilas.<\/p>\n<h4><strong>Seguran\u00e7a garantida<\/strong><\/h4>\n<p>Todos os parques de estacionamento Telpark s\u00e3o vigiados e disp\u00f5em de medidas de seguran\u00e7a avan\u00e7adas para que o teu ve\u00edculo esteja sempre protegido enquanto desfrutas do evento.<\/p>\n<h4><strong>M\u00e9todos de pagamento flex\u00edveis<\/strong><\/h4>\n<p>Telpark oferece v\u00e1rias op\u00e7\u00f5es de pagamento, desde cart\u00f5es de cr\u00e9dito a pagamentos m\u00f3veis, para que possas escolher a que mais te conv\u00e9m.<\/p>\n<h4><strong>Apoio ao cliente 24\/7<\/strong><\/h4>\n<p>Se tiveres alguma d\u00favida ou precisares de ajuda, a equipa de apoio do Telpark est\u00e1 dispon\u00edvel 24 horas por dia, 7 dias por semana, para te ajudar no que precisares.<\/p>\n<p>N\u00e3o deixes que a procura de estacionamento estrague a tua experi\u00eancia. <strong>Reserva com Telpark<\/strong> e aproveita o evento sem preocupa\u00e7\u00f5es. Vejo-te l\u00e1!<\/p>\n<h2>Localiza\u00e7\u00e3o do parque de estacionamento:  <\/h2>\n<\/p>\n<blockquote>\n<p>PARQUE DE ESTACIONAMENTO DA MARINA ESPA\u00d1OLA<\/p>\n<p>Plza. de la Marina S\/N<\/p>\n<p>49012 ZAMORA<\/p>\n<\/p>\n<\/blockquote>\n<p>            <a href=\"https:\/\/www.telpark.com\/es\/ciudades\/zamora\/parking-marina-espanola\/\" target=\"_blank\" rel=\"nofollow noopener\"><br \/>\n                                Mais informa\u00e7\u00f5es<br \/>\n                            <\/a><\/p>\n","protected":false},"excerpt":{"rendered":"<p>ONDE ESTACIONAR Estaciona facilmente na feira Fromago Cheese Experience com Reserva o teu lugar com anteced\u00eancia Com Telpark, podes reservar antecipadamente o teu lugar de estacionamento no conforto da tua casa. Basta introduzir o motor de busca e selecionar o parque de estacionamento Marina Espa\u00f1ola em Zamora. Acesso r\u00e1pido e f\u00e1cil Quando chegares ao parque [&hellip;]<\/p>\n","protected":false},"author":1,"featured_media":8079,"parent":0,"menu_order":0,"comment_status":"closed","ping_status":"closed","template":"","meta":{"_acf_changed":false,"om_disable_all_campaigns":false,"footnotes":""},"class_list":["post-6513","page","type-page","status-publish","has-post-thumbnail","hentry"],"acf":[],"yoast_head":"<!-- This site is optimized with the Yoast SEO plugin v27.3 - https:\/\/yoast.com\/product\/yoast-seo-wordpress\/ -->\n<title>Onde estacionar - Fromago 2026 - Cheese Experience - Zamora<\/title>\n<meta name=\"robots\" content=\"index, follow, max-snippet:-1, max-image-preview:large, max-video-preview:-1\" \/>\n<link rel=\"canonical\" href=\"https:\/\/fromago.info\/pt-pt\/onde-estacionar\/\" \/>\n<meta property=\"og:locale\" content=\"pt_PT\" \/>\n<meta property=\"og:type\" content=\"article\" \/>\n<meta property=\"og:title\" content=\"Onde estacionar - Fromago 2026 - Cheese Experience - Zamora\" \/>\n<meta property=\"og:description\" content=\"ONDE ESTACIONAR Estaciona facilmente na feira Fromago Cheese Experience com Reserva o teu lugar com anteced\u00eancia Com Telpark, podes reservar antecipadamente o teu lugar de estacionamento no conforto da tua casa. Basta introduzir o motor de busca e selecionar o parque de estacionamento Marina Espa\u00f1ola em Zamora. Acesso r\u00e1pido e f\u00e1cil Quando chegares ao parque [&hellip;]\" \/>\n<meta property=\"og:url\" content=\"https:\/\/fromago.info\/pt-pt\/onde-estacionar\/\" \/>\n<meta property=\"og:site_name\" content=\"Fromago 2026 - Cheese Experience - Zamora\" \/>\n<meta property=\"article:publisher\" content=\"https:\/\/www.facebook.com\/FromagoZamora\/\" \/>\n<meta property=\"article:modified_time\" content=\"2024-08-09T07:35:46+00:00\" \/>\n<meta property=\"og:image\" content=\"https:\/\/fromago.info\/aef\/wp-content\/uploads\/logo-fromago-triangulo.jpg\" \/>\n\t<meta property=\"og:image:width\" content=\"1417\" \/>\n\t<meta property=\"og:image:height\" content=\"1417\" \/>\n\t<meta property=\"og:image:type\" content=\"image\/jpeg\" \/>\n<meta name=\"twitter:card\" content=\"summary_large_image\" \/>\n<meta name=\"twitter:site\" content=\"@FromagoZamora\" \/>\n<meta name=\"twitter:label1\" content=\"Tempo estimado de leitura\" \/>\n\t<meta name=\"twitter:data1\" content=\"1 minuto\" \/>\n<script type=\"application\/ld+json\" class=\"yoast-schema-graph\">{\"@context\":\"https:\\\/\\\/schema.org\",\"@graph\":[{\"@type\":\"WebPage\",\"@id\":\"https:\\\/\\\/fromago.info\\\/pt-pt\\\/onde-estacionar\\\/\",\"url\":\"https:\\\/\\\/fromago.info\\\/pt-pt\\\/onde-estacionar\\\/\",\"name\":\"Onde estacionar - Fromago 2026 - Cheese Experience - Zamora\",\"isPartOf\":{\"@id\":\"https:\\\/\\\/fromago.info\\\/pt-pt\\\/#website\"},\"primaryImageOfPage\":{\"@id\":\"https:\\\/\\\/fromago.info\\\/pt-pt\\\/onde-estacionar\\\/#primaryimage\"},\"image\":{\"@id\":\"https:\\\/\\\/fromago.info\\\/pt-pt\\\/onde-estacionar\\\/#primaryimage\"},\"thumbnailUrl\":\"https:\\\/\\\/fromago.info\\\/aef\\\/wp-content\\\/uploads\\\/logo-fromago-triangulo.jpg\",\"datePublished\":\"2024-08-09T07:12:51+00:00\",\"dateModified\":\"2024-08-09T07:35:46+00:00\",\"breadcrumb\":{\"@id\":\"https:\\\/\\\/fromago.info\\\/pt-pt\\\/onde-estacionar\\\/#breadcrumb\"},\"inLanguage\":\"pt-PT\",\"potentialAction\":[{\"@type\":\"ReadAction\",\"target\":[\"https:\\\/\\\/fromago.info\\\/pt-pt\\\/onde-estacionar\\\/\"]}]},{\"@type\":\"ImageObject\",\"inLanguage\":\"pt-PT\",\"@id\":\"https:\\\/\\\/fromago.info\\\/pt-pt\\\/onde-estacionar\\\/#primaryimage\",\"url\":\"https:\\\/\\\/fromago.info\\\/aef\\\/wp-content\\\/uploads\\\/logo-fromago-triangulo.jpg\",\"contentUrl\":\"https:\\\/\\\/fromago.info\\\/aef\\\/wp-content\\\/uploads\\\/logo-fromago-triangulo.jpg\",\"width\":1417,\"height\":1417,\"caption\":\"Logo Fromago\"},{\"@type\":\"BreadcrumbList\",\"@id\":\"https:\\\/\\\/fromago.info\\\/pt-pt\\\/onde-estacionar\\\/#breadcrumb\",\"itemListElement\":[{\"@type\":\"ListItem\",\"position\":1,\"name\":\"Portada\",\"item\":\"https:\\\/\\\/fromago.info\\\/pt-pt\\\/inicio\\\/\"},{\"@type\":\"ListItem\",\"position\":2,\"name\":\"Onde estacionar\"}]},{\"@type\":\"WebSite\",\"@id\":\"https:\\\/\\\/fromago.info\\\/pt-pt\\\/#website\",\"url\":\"https:\\\/\\\/fromago.info\\\/pt-pt\\\/\",\"name\":\"Fromago 2026 - Cheese Experience - Zamora\",\"description\":\"El mayor evento quesero de Espa\u00f1a\",\"publisher\":{\"@id\":\"https:\\\/\\\/fromago.info\\\/pt-pt\\\/#organization\"},\"alternateName\":\"Fromago 2026 - Cheese Experience\",\"potentialAction\":[{\"@type\":\"SearchAction\",\"target\":{\"@type\":\"EntryPoint\",\"urlTemplate\":\"https:\\\/\\\/fromago.info\\\/pt-pt\\\/?s={search_term_string}\"},\"query-input\":{\"@type\":\"PropertyValueSpecification\",\"valueRequired\":true,\"valueName\":\"search_term_string\"}}],\"inLanguage\":\"pt-PT\"},{\"@type\":\"Organization\",\"@id\":\"https:\\\/\\\/fromago.info\\\/pt-pt\\\/#organization\",\"name\":\"Fromago 2026 - Cheese Experience\",\"alternateName\":\"Fromago 2026 - Cheese Experience - Zamora\",\"url\":\"https:\\\/\\\/fromago.info\\\/pt-pt\\\/\",\"logo\":{\"@type\":\"ImageObject\",\"inLanguage\":\"pt-PT\",\"@id\":\"https:\\\/\\\/fromago.info\\\/pt-pt\\\/#\\\/schema\\\/logo\\\/image\\\/\",\"url\":\"https:\\\/\\\/fromago.info\\\/aef\\\/wp-content\\\/uploads\\\/logo-fromago-triangulo.jpg\",\"contentUrl\":\"https:\\\/\\\/fromago.info\\\/aef\\\/wp-content\\\/uploads\\\/logo-fromago-triangulo.jpg\",\"width\":1417,\"height\":1417,\"caption\":\"Fromago 2026 - Cheese Experience\"},\"image\":{\"@id\":\"https:\\\/\\\/fromago.info\\\/pt-pt\\\/#\\\/schema\\\/logo\\\/image\\\/\"},\"sameAs\":[\"https:\\\/\\\/www.facebook.com\\\/FromagoZamora\\\/\",\"https:\\\/\\\/x.com\\\/FromagoZamora\",\"https:\\\/\\\/www.instagram.com\\\/fromagozamora\\\/\",\"https:\\\/\\\/www.youtube.com\\\/@FromagoZamora\"]}]}<\/script>\n<!-- \/ Yoast SEO plugin. -->","yoast_head_json":{"title":"Onde estacionar - Fromago 2026 - Cheese Experience - Zamora","robots":{"index":"index","follow":"follow","max-snippet":"max-snippet:-1","max-image-preview":"max-image-preview:large","max-video-preview":"max-video-preview:-1"},"canonical":"https:\/\/fromago.info\/pt-pt\/onde-estacionar\/","og_locale":"pt_PT","og_type":"article","og_title":"Onde estacionar - Fromago 2026 - Cheese Experience - Zamora","og_description":"ONDE ESTACIONAR Estaciona facilmente na feira Fromago Cheese Experience com Reserva o teu lugar com anteced\u00eancia Com Telpark, podes reservar antecipadamente o teu lugar de estacionamento no conforto da tua casa. Basta introduzir o motor de busca e selecionar o parque de estacionamento Marina Espa\u00f1ola em Zamora. Acesso r\u00e1pido e f\u00e1cil Quando chegares ao parque [&hellip;]","og_url":"https:\/\/fromago.info\/pt-pt\/onde-estacionar\/","og_site_name":"Fromago 2026 - Cheese Experience - Zamora","article_publisher":"https:\/\/www.facebook.com\/FromagoZamora\/","article_modified_time":"2024-08-09T07:35:46+00:00","og_image":[{"width":1417,"height":1417,"url":"https:\/\/fromago.info\/aef\/wp-content\/uploads\/logo-fromago-triangulo.jpg","type":"image\/jpeg"}],"twitter_card":"summary_large_image","twitter_site":"@FromagoZamora","twitter_misc":{"Tempo estimado de leitura":"1 minuto"},"schema":{"@context":"https:\/\/schema.org","@graph":[{"@type":"WebPage","@id":"https:\/\/fromago.info\/pt-pt\/onde-estacionar\/","url":"https:\/\/fromago.info\/pt-pt\/onde-estacionar\/","name":"Onde estacionar - Fromago 2026 - Cheese Experience - Zamora","isPartOf":{"@id":"https:\/\/fromago.info\/pt-pt\/#website"},"primaryImageOfPage":{"@id":"https:\/\/fromago.info\/pt-pt\/onde-estacionar\/#primaryimage"},"image":{"@id":"https:\/\/fromago.info\/pt-pt\/onde-estacionar\/#primaryimage"},"thumbnailUrl":"https:\/\/fromago.info\/aef\/wp-content\/uploads\/logo-fromago-triangulo.jpg","datePublished":"2024-08-09T07:12:51+00:00","dateModified":"2024-08-09T07:35:46+00:00","breadcrumb":{"@id":"https:\/\/fromago.info\/pt-pt\/onde-estacionar\/#breadcrumb"},"inLanguage":"pt-PT","potentialAction":[{"@type":"ReadAction","target":["https:\/\/fromago.info\/pt-pt\/onde-estacionar\/"]}]},{"@type":"ImageObject","inLanguage":"pt-PT","@id":"https:\/\/fromago.info\/pt-pt\/onde-estacionar\/#primaryimage","url":"https:\/\/fromago.info\/aef\/wp-content\/uploads\/logo-fromago-triangulo.jpg","contentUrl":"https:\/\/fromago.info\/aef\/wp-content\/uploads\/logo-fromago-triangulo.jpg","width":1417,"height":1417,"caption":"Logo Fromago"},{"@type":"BreadcrumbList","@id":"https:\/\/fromago.info\/pt-pt\/onde-estacionar\/#breadcrumb","itemListElement":[{"@type":"ListItem","position":1,"name":"Portada","item":"https:\/\/fromago.info\/pt-pt\/inicio\/"},{"@type":"ListItem","position":2,"name":"Onde estacionar"}]},{"@type":"WebSite","@id":"https:\/\/fromago.info\/pt-pt\/#website","url":"https:\/\/fromago.info\/pt-pt\/","name":"Fromago 2026 - Cheese Experience - Zamora","description":"El mayor evento quesero de Espa\u00f1a","publisher":{"@id":"https:\/\/fromago.info\/pt-pt\/#organization"},"alternateName":"Fromago 2026 - Cheese Experience","potentialAction":[{"@type":"SearchAction","target":{"@type":"EntryPoint","urlTemplate":"https:\/\/fromago.info\/pt-pt\/?s={search_term_string}"},"query-input":{"@type":"PropertyValueSpecification","valueRequired":true,"valueName":"search_term_string"}}],"inLanguage":"pt-PT"},{"@type":"Organization","@id":"https:\/\/fromago.info\/pt-pt\/#organization","name":"Fromago 2026 - Cheese Experience","alternateName":"Fromago 2026 - Cheese Experience - Zamora","url":"https:\/\/fromago.info\/pt-pt\/","logo":{"@type":"ImageObject","inLanguage":"pt-PT","@id":"https:\/\/fromago.info\/pt-pt\/#\/schema\/logo\/image\/","url":"https:\/\/fromago.info\/aef\/wp-content\/uploads\/logo-fromago-triangulo.jpg","contentUrl":"https:\/\/fromago.info\/aef\/wp-content\/uploads\/logo-fromago-triangulo.jpg","width":1417,"height":1417,"caption":"Fromago 2026 - Cheese Experience"},"image":{"@id":"https:\/\/fromago.info\/pt-pt\/#\/schema\/logo\/image\/"},"sameAs":["https:\/\/www.facebook.com\/FromagoZamora\/","https:\/\/x.com\/FromagoZamora","https:\/\/www.instagram.com\/fromagozamora\/","https:\/\/www.youtube.com\/@FromagoZamora"]}]}},"_links":{"self":[{"href":"https:\/\/fromago.info\/pt-pt\/wp-json\/wp\/v2\/pages\/6513","targetHints":{"allow":["GET"]}}],"collection":[{"href":"https:\/\/fromago.info\/pt-pt\/wp-json\/wp\/v2\/pages"}],"about":[{"href":"https:\/\/fromago.info\/pt-pt\/wp-json\/wp\/v2\/types\/page"}],"author":[{"embeddable":true,"href":"https:\/\/fromago.info\/pt-pt\/wp-json\/wp\/v2\/users\/1"}],"replies":[{"embeddable":true,"href":"https:\/\/fromago.info\/pt-pt\/wp-json\/wp\/v2\/comments?post=6513"}],"version-history":[{"count":0,"href":"https:\/\/fromago.info\/pt-pt\/wp-json\/wp\/v2\/pages\/6513\/revisions"}],"wp:featuredmedia":[{"embeddable":true,"href":"https:\/\/fromago.info\/pt-pt\/wp-json\/wp\/v2\/media\/8079"}],"wp:attachment":[{"href":"https:\/\/fromago.info\/pt-pt\/wp-json\/wp\/v2\/media?parent=6513"}],"curies":[{"name":"wp","href":"https:\/\/api.w.org\/{rel}","templated":true}]}}