{"id":7243,"date":"2024-09-06T16:19:38","date_gmt":"2024-09-06T14:19:38","guid":{"rendered":"https:\/\/fromago.info\/aef\/oficinas-para-criancas"},"modified":"2024-09-11T09:00:02","modified_gmt":"2024-09-11T07:00:02","slug":"oficinas-para-criancas","status":"publish","type":"page","link":"https:\/\/fromago.info\/pt-pt\/oficinas-para-criancas\/","title":{"rendered":"Oficinas para crian\u00e7as"},"content":{"rendered":"<p><svg aria-hidden=\"true\" viewBox=\"0 0 448 512\" xmlns=\"http:\/\/www.w3.org\/2000\/svg\"><path d=\"M134.059 296H436c6.627 0 12-5.373 12-12v-56c0-6.627-5.373-12-12-12H134.059v-46.059c0-21.382-25.851-32.09-40.971-16.971L7.029 239.029c-9.373 9.373-9.373 24.569 0 33.941l86.059 86.059c15.119 15.119 40.971 4.411 40.971-16.971V296z\"><\/path><\/svg>\t\t\t<\/p>\n<h2>OFICINAS PARA CRIAN\u00c7AS<\/h2>\n<h2>Bem-vindo \u00e0s Oficinas Infantis de Fromago!  <\/h2>\n<p>Temos o prazer de convidar todos os pequenos exploradores a participarem nos nossos emocionantes workshops para crian\u00e7as com o queijo e o leite como protagonistas.<br \/>\nConcebidos para incentivar a criatividade, a aprendizagem e a divers\u00e3o, os ateli\u00eas oferecem uma variedade de actividades que ir\u00e3o captar a imagina\u00e7\u00e3o das crian\u00e7as e permitir-lhes desenvolver novas compet\u00eancias. <\/p>\n<p>\t\t\t<a role=\"button\"><br \/>\n\t\t\t\t\t\t\t\t\tDescarrega o programa com as oficinas para crian\u00e7as<br \/>\n\t\t\t\t\t<\/a><\/p>\n<h3 style=\"padding-left: 40px;\"><strong>QUINTA-FEIRA<\/strong><\/h3>\n<ul>\n<li><strong>Oficina &#8220;Leite Florita&#8221;.<\/strong><br \/>&#8211; Banca Leche Gaza.<br \/>\nPlaza de La Marina. <\/li>\n<li><strong>Workshop de pastelaria para crian\u00e7as.<\/strong><br \/>&#8211; Banca Leche Gaza.<br \/>\nPlaza de La Marina. <\/li>\n<li><strong>18:30H.<br \/>\n&#8211; Oficina de narra\u00e7\u00e3o de hist\u00f3rias com Judynski Cuenta y Crea. <\/strong><br \/>Dos 2 aos 12 anos (menores de 5 anos acompanhados por um adulto).<br \/>&#8211; Pra\u00e7a Fray Diego de Deza.<\/li>\n<\/ul>\n<h3 style=\"padding-left: 40px;\"><strong>SEXTA-FEIRA<\/strong><\/h3>\n<ul>\n<li><b>Oficina &#8220;Leite Florita&#8221;.<\/b><br \/>&#8211; Banca Leche Gaza.<br \/>\nPlaza de La Marina. <\/li>\n<li><b>Workshop de pastelaria para crian\u00e7as.<\/b><br \/>&#8211; Banca Leche Gaza.<br \/>\nPlaza de La Marina. <\/li>\n<li><b>17:00H.<br \/>\n&#8211; QESOnrisas nesta hist\u00f3ria&#8230;<\/p>\n<p>Conta hist\u00f3rias com Balloflexia e Sgraffito C.A.M (Centro de Apoio ao Menor) C\u00e1ritas Zamora.<br \/>\nPara crian\u00e7as dos 5 aos 12 anos.   <\/b><br \/>&#8211; Pra\u00e7a Fray Diego de Deza.<\/li>\n<li><b>18:00H.<br \/>\n&#8211; Fabrico de queijo.<br \/>\nLa Antigua Educa.  <\/b><br \/>&#8211; Actividades Marquee, Plaza Constituci\u00f3n.<\/li>\n<li><b>18:30H.<br \/>\n&#8211; Oficina de narra\u00e7\u00e3o de hist\u00f3rias com Judynski Cuenta y Crea. <\/b><br \/>Dos 2 aos 12 anos (menores de 5 anos acompanhados por um adulto).<br \/>&#8211; Pra\u00e7a Fray Diego de Deza.<\/li>\n<\/ul>\n<h3 style=\"padding-left: 40px;\"><strong>S\u00c1BADO<\/strong><\/h3>\n<ul>\n<li><b>Oficina &#8220;Leite Florita&#8221;.<\/b><br \/>&#8211; Banca Leche Gaza.<br \/>\nPlaza de La Marina. <\/li>\n<li><b>Workshop de pastelaria para crian\u00e7as.<\/b><br \/>&#8211; Banca Leche Gaza.<br \/>\nPlaza de La Marina. <\/li>\n<li><b>12:00H.<br \/>\ne 18:30H.<\/p>\n<p>&#8211; Oficina de contos com Judynski Cuenta y Crea.<\/p>\n<p>Dos 2 aos 12 anos (menores de 5 anos acompanhados por um adulto).   <\/b><br \/>&#8211; Pra\u00e7a Fray Diego de Deza.<\/li>\n<li><b>12:30H.<br \/>\ne 18:30H.<br \/>\n&#8211; Fabrico de queijo.<br \/>\nLa Antigua Educa.   <\/b><br \/>&#8211; Actividades Marquee, Plaza Constituci\u00f3n.<\/li>\n<\/ul>\n<h3 style=\"padding-left: 40px;\"><strong>DOMINGO<\/strong><\/h3>\n<ul>\n<li><b>Oficina &#8220;Leite Florita&#8221;.<\/b><br \/>&#8211; Banca Leche Gaza.<br \/>\nPlaza de La Marina. <\/li>\n<li><b>Workshop de pastelaria para crian\u00e7as.<\/b><br \/>&#8211; Banca Leche Gaza.<br \/>\nPlaza de La Marina. <\/li>\n<li><b>12:00H.<br \/>\ne 18:30H.<br \/>\n&#8211; Oficina de contos com Judynski  <\/b><br \/><b>Conta e Cria.<\/p>\n<p>Dos 2 aos 12 anos (menores de 5 anos acompanhados por um adulto). <\/b><br \/>&#8211; Pra\u00e7a Fray Diego de Deza.<\/li>\n<li><b>18:00H.<br \/>\n&#8211; Fabrico de queijo.<br \/>\nLa Antigua Educa.  <\/b><br \/>&#8211; Actividades Marquee, Plaza Constituci\u00f3n.<\/li>\n<\/ul>\n<h2>Registo<\/h2>\n","protected":false},"excerpt":{"rendered":"<p>OFICINAS PARA CRIAN\u00c7AS Bem-vindo \u00e0s Oficinas Infantis de Fromago! Temos o prazer de convidar todos os pequenos exploradores a participarem nos nossos emocionantes workshops para crian\u00e7as com o queijo e o leite como protagonistas. Concebidos para incentivar a criatividade, a aprendizagem e a divers\u00e3o, os ateli\u00eas oferecem uma variedade de actividades que ir\u00e3o captar a [&hellip;]<\/p>\n","protected":false},"author":1,"featured_media":8079,"parent":0,"menu_order":0,"comment_status":"closed","ping_status":"closed","template":"","meta":{"_acf_changed":false,"om_disable_all_campaigns":false,"footnotes":""},"class_list":["post-7243","page","type-page","status-publish","has-post-thumbnail","hentry"],"acf":[],"yoast_head":"<!-- This site is optimized with the Yoast SEO plugin v27.3 - https:\/\/yoast.com\/product\/yoast-seo-wordpress\/ -->\n<title>Oficinas para crian\u00e7as - Fromago 2026 - Cheese Experience - Zamora<\/title>\n<meta name=\"robots\" content=\"index, follow, max-snippet:-1, max-image-preview:large, max-video-preview:-1\" \/>\n<link rel=\"canonical\" href=\"https:\/\/fromago.info\/pt-pt\/oficinas-para-criancas\/\" \/>\n<meta property=\"og:locale\" content=\"pt_PT\" \/>\n<meta property=\"og:type\" content=\"article\" \/>\n<meta property=\"og:title\" content=\"Oficinas para crian\u00e7as - Fromago 2026 - Cheese Experience - Zamora\" \/>\n<meta property=\"og:description\" content=\"OFICINAS PARA CRIAN\u00c7AS Bem-vindo \u00e0s Oficinas Infantis de Fromago! Temos o prazer de convidar todos os pequenos exploradores a participarem nos nossos emocionantes workshops para crian\u00e7as com o queijo e o leite como protagonistas. Concebidos para incentivar a criatividade, a aprendizagem e a divers\u00e3o, os ateli\u00eas oferecem uma variedade de actividades que ir\u00e3o captar a [&hellip;]\" \/>\n<meta property=\"og:url\" content=\"https:\/\/fromago.info\/pt-pt\/oficinas-para-criancas\/\" \/>\n<meta property=\"og:site_name\" content=\"Fromago 2026 - Cheese Experience - Zamora\" \/>\n<meta property=\"article:publisher\" content=\"https:\/\/www.facebook.com\/FromagoZamora\/\" \/>\n<meta property=\"article:modified_time\" content=\"2024-09-11T07:00:02+00:00\" \/>\n<meta property=\"og:image\" content=\"https:\/\/fromago.info\/aef\/wp-content\/uploads\/logo-fromago-triangulo.jpg\" \/>\n\t<meta property=\"og:image:width\" content=\"1417\" \/>\n\t<meta property=\"og:image:height\" content=\"1417\" \/>\n\t<meta property=\"og:image:type\" content=\"image\/jpeg\" \/>\n<meta name=\"twitter:card\" content=\"summary_large_image\" \/>\n<meta name=\"twitter:site\" content=\"@FromagoZamora\" \/>\n<meta name=\"twitter:label1\" content=\"Tempo estimado de leitura\" \/>\n\t<meta name=\"twitter:data1\" content=\"2 minutos\" \/>\n<script type=\"application\/ld+json\" class=\"yoast-schema-graph\">{\"@context\":\"https:\\\/\\\/schema.org\",\"@graph\":[{\"@type\":\"WebPage\",\"@id\":\"https:\\\/\\\/fromago.info\\\/pt-pt\\\/oficinas-para-criancas\\\/\",\"url\":\"https:\\\/\\\/fromago.info\\\/pt-pt\\\/oficinas-para-criancas\\\/\",\"name\":\"Oficinas para crian\u00e7as - Fromago 2026 - Cheese Experience - Zamora\",\"isPartOf\":{\"@id\":\"https:\\\/\\\/fromago.info\\\/pt-pt\\\/#website\"},\"primaryImageOfPage\":{\"@id\":\"https:\\\/\\\/fromago.info\\\/pt-pt\\\/oficinas-para-criancas\\\/#primaryimage\"},\"image\":{\"@id\":\"https:\\\/\\\/fromago.info\\\/pt-pt\\\/oficinas-para-criancas\\\/#primaryimage\"},\"thumbnailUrl\":\"https:\\\/\\\/fromago.info\\\/aef\\\/wp-content\\\/uploads\\\/logo-fromago-triangulo.jpg\",\"datePublished\":\"2024-09-06T14:19:38+00:00\",\"dateModified\":\"2024-09-11T07:00:02+00:00\",\"breadcrumb\":{\"@id\":\"https:\\\/\\\/fromago.info\\\/pt-pt\\\/oficinas-para-criancas\\\/#breadcrumb\"},\"inLanguage\":\"pt-PT\",\"potentialAction\":[{\"@type\":\"ReadAction\",\"target\":[\"https:\\\/\\\/fromago.info\\\/pt-pt\\\/oficinas-para-criancas\\\/\"]}]},{\"@type\":\"ImageObject\",\"inLanguage\":\"pt-PT\",\"@id\":\"https:\\\/\\\/fromago.info\\\/pt-pt\\\/oficinas-para-criancas\\\/#primaryimage\",\"url\":\"https:\\\/\\\/fromago.info\\\/aef\\\/wp-content\\\/uploads\\\/logo-fromago-triangulo.jpg\",\"contentUrl\":\"https:\\\/\\\/fromago.info\\\/aef\\\/wp-content\\\/uploads\\\/logo-fromago-triangulo.jpg\",\"width\":1417,\"height\":1417,\"caption\":\"Logo Fromago\"},{\"@type\":\"BreadcrumbList\",\"@id\":\"https:\\\/\\\/fromago.info\\\/pt-pt\\\/oficinas-para-criancas\\\/#breadcrumb\",\"itemListElement\":[{\"@type\":\"ListItem\",\"position\":1,\"name\":\"Portada\",\"item\":\"https:\\\/\\\/fromago.info\\\/pt-pt\\\/inicio\\\/\"},{\"@type\":\"ListItem\",\"position\":2,\"name\":\"Oficinas para crian\u00e7as\"}]},{\"@type\":\"WebSite\",\"@id\":\"https:\\\/\\\/fromago.info\\\/pt-pt\\\/#website\",\"url\":\"https:\\\/\\\/fromago.info\\\/pt-pt\\\/\",\"name\":\"Fromago 2026 - Cheese Experience - Zamora\",\"description\":\"El mayor evento quesero de Espa\u00f1a\",\"publisher\":{\"@id\":\"https:\\\/\\\/fromago.info\\\/pt-pt\\\/#organization\"},\"alternateName\":\"Fromago 2026 - Cheese Experience\",\"potentialAction\":[{\"@type\":\"SearchAction\",\"target\":{\"@type\":\"EntryPoint\",\"urlTemplate\":\"https:\\\/\\\/fromago.info\\\/pt-pt\\\/?s={search_term_string}\"},\"query-input\":{\"@type\":\"PropertyValueSpecification\",\"valueRequired\":true,\"valueName\":\"search_term_string\"}}],\"inLanguage\":\"pt-PT\"},{\"@type\":\"Organization\",\"@id\":\"https:\\\/\\\/fromago.info\\\/pt-pt\\\/#organization\",\"name\":\"Fromago 2026 - Cheese Experience\",\"alternateName\":\"Fromago 2026 - Cheese Experience - Zamora\",\"url\":\"https:\\\/\\\/fromago.info\\\/pt-pt\\\/\",\"logo\":{\"@type\":\"ImageObject\",\"inLanguage\":\"pt-PT\",\"@id\":\"https:\\\/\\\/fromago.info\\\/pt-pt\\\/#\\\/schema\\\/logo\\\/image\\\/\",\"url\":\"https:\\\/\\\/fromago.info\\\/aef\\\/wp-content\\\/uploads\\\/logo-fromago-triangulo.jpg\",\"contentUrl\":\"https:\\\/\\\/fromago.info\\\/aef\\\/wp-content\\\/uploads\\\/logo-fromago-triangulo.jpg\",\"width\":1417,\"height\":1417,\"caption\":\"Fromago 2026 - Cheese Experience\"},\"image\":{\"@id\":\"https:\\\/\\\/fromago.info\\\/pt-pt\\\/#\\\/schema\\\/logo\\\/image\\\/\"},\"sameAs\":[\"https:\\\/\\\/www.facebook.com\\\/FromagoZamora\\\/\",\"https:\\\/\\\/x.com\\\/FromagoZamora\",\"https:\\\/\\\/www.instagram.com\\\/fromagozamora\\\/\",\"https:\\\/\\\/www.youtube.com\\\/@FromagoZamora\"]}]}<\/script>\n<!-- \/ Yoast SEO plugin. -->","yoast_head_json":{"title":"Oficinas para crian\u00e7as - Fromago 2026 - Cheese Experience - Zamora","robots":{"index":"index","follow":"follow","max-snippet":"max-snippet:-1","max-image-preview":"max-image-preview:large","max-video-preview":"max-video-preview:-1"},"canonical":"https:\/\/fromago.info\/pt-pt\/oficinas-para-criancas\/","og_locale":"pt_PT","og_type":"article","og_title":"Oficinas para crian\u00e7as - Fromago 2026 - Cheese Experience - Zamora","og_description":"OFICINAS PARA CRIAN\u00c7AS Bem-vindo \u00e0s Oficinas Infantis de Fromago! Temos o prazer de convidar todos os pequenos exploradores a participarem nos nossos emocionantes workshops para crian\u00e7as com o queijo e o leite como protagonistas. Concebidos para incentivar a criatividade, a aprendizagem e a divers\u00e3o, os ateli\u00eas oferecem uma variedade de actividades que ir\u00e3o captar a [&hellip;]","og_url":"https:\/\/fromago.info\/pt-pt\/oficinas-para-criancas\/","og_site_name":"Fromago 2026 - Cheese Experience - Zamora","article_publisher":"https:\/\/www.facebook.com\/FromagoZamora\/","article_modified_time":"2024-09-11T07:00:02+00:00","og_image":[{"width":1417,"height":1417,"url":"https:\/\/fromago.info\/aef\/wp-content\/uploads\/logo-fromago-triangulo.jpg","type":"image\/jpeg"}],"twitter_card":"summary_large_image","twitter_site":"@FromagoZamora","twitter_misc":{"Tempo estimado de leitura":"2 minutos"},"schema":{"@context":"https:\/\/schema.org","@graph":[{"@type":"WebPage","@id":"https:\/\/fromago.info\/pt-pt\/oficinas-para-criancas\/","url":"https:\/\/fromago.info\/pt-pt\/oficinas-para-criancas\/","name":"Oficinas para crian\u00e7as - Fromago 2026 - Cheese Experience - Zamora","isPartOf":{"@id":"https:\/\/fromago.info\/pt-pt\/#website"},"primaryImageOfPage":{"@id":"https:\/\/fromago.info\/pt-pt\/oficinas-para-criancas\/#primaryimage"},"image":{"@id":"https:\/\/fromago.info\/pt-pt\/oficinas-para-criancas\/#primaryimage"},"thumbnailUrl":"https:\/\/fromago.info\/aef\/wp-content\/uploads\/logo-fromago-triangulo.jpg","datePublished":"2024-09-06T14:19:38+00:00","dateModified":"2024-09-11T07:00:02+00:00","breadcrumb":{"@id":"https:\/\/fromago.info\/pt-pt\/oficinas-para-criancas\/#breadcrumb"},"inLanguage":"pt-PT","potentialAction":[{"@type":"ReadAction","target":["https:\/\/fromago.info\/pt-pt\/oficinas-para-criancas\/"]}]},{"@type":"ImageObject","inLanguage":"pt-PT","@id":"https:\/\/fromago.info\/pt-pt\/oficinas-para-criancas\/#primaryimage","url":"https:\/\/fromago.info\/aef\/wp-content\/uploads\/logo-fromago-triangulo.jpg","contentUrl":"https:\/\/fromago.info\/aef\/wp-content\/uploads\/logo-fromago-triangulo.jpg","width":1417,"height":1417,"caption":"Logo Fromago"},{"@type":"BreadcrumbList","@id":"https:\/\/fromago.info\/pt-pt\/oficinas-para-criancas\/#breadcrumb","itemListElement":[{"@type":"ListItem","position":1,"name":"Portada","item":"https:\/\/fromago.info\/pt-pt\/inicio\/"},{"@type":"ListItem","position":2,"name":"Oficinas para crian\u00e7as"}]},{"@type":"WebSite","@id":"https:\/\/fromago.info\/pt-pt\/#website","url":"https:\/\/fromago.info\/pt-pt\/","name":"Fromago 2026 - Cheese Experience - Zamora","description":"El mayor evento quesero de Espa\u00f1a","publisher":{"@id":"https:\/\/fromago.info\/pt-pt\/#organization"},"alternateName":"Fromago 2026 - Cheese Experience","potentialAction":[{"@type":"SearchAction","target":{"@type":"EntryPoint","urlTemplate":"https:\/\/fromago.info\/pt-pt\/?s={search_term_string}"},"query-input":{"@type":"PropertyValueSpecification","valueRequired":true,"valueName":"search_term_string"}}],"inLanguage":"pt-PT"},{"@type":"Organization","@id":"https:\/\/fromago.info\/pt-pt\/#organization","name":"Fromago 2026 - Cheese Experience","alternateName":"Fromago 2026 - Cheese Experience - Zamora","url":"https:\/\/fromago.info\/pt-pt\/","logo":{"@type":"ImageObject","inLanguage":"pt-PT","@id":"https:\/\/fromago.info\/pt-pt\/#\/schema\/logo\/image\/","url":"https:\/\/fromago.info\/aef\/wp-content\/uploads\/logo-fromago-triangulo.jpg","contentUrl":"https:\/\/fromago.info\/aef\/wp-content\/uploads\/logo-fromago-triangulo.jpg","width":1417,"height":1417,"caption":"Fromago 2026 - Cheese Experience"},"image":{"@id":"https:\/\/fromago.info\/pt-pt\/#\/schema\/logo\/image\/"},"sameAs":["https:\/\/www.facebook.com\/FromagoZamora\/","https:\/\/x.com\/FromagoZamora","https:\/\/www.instagram.com\/fromagozamora\/","https:\/\/www.youtube.com\/@FromagoZamora"]}]}},"_links":{"self":[{"href":"https:\/\/fromago.info\/pt-pt\/wp-json\/wp\/v2\/pages\/7243","targetHints":{"allow":["GET"]}}],"collection":[{"href":"https:\/\/fromago.info\/pt-pt\/wp-json\/wp\/v2\/pages"}],"about":[{"href":"https:\/\/fromago.info\/pt-pt\/wp-json\/wp\/v2\/types\/page"}],"author":[{"embeddable":true,"href":"https:\/\/fromago.info\/pt-pt\/wp-json\/wp\/v2\/users\/1"}],"replies":[{"embeddable":true,"href":"https:\/\/fromago.info\/pt-pt\/wp-json\/wp\/v2\/comments?post=7243"}],"version-history":[{"count":0,"href":"https:\/\/fromago.info\/pt-pt\/wp-json\/wp\/v2\/pages\/7243\/revisions"}],"wp:featuredmedia":[{"embeddable":true,"href":"https:\/\/fromago.info\/pt-pt\/wp-json\/wp\/v2\/media\/8079"}],"wp:attachment":[{"href":"https:\/\/fromago.info\/pt-pt\/wp-json\/wp\/v2\/media?parent=7243"}],"curies":[{"name":"wp","href":"https:\/\/api.w.org\/{rel}","templated":true}]}}