{"id":751,"date":"2023-12-26T12:48:32","date_gmt":"2023-12-26T11:48:32","guid":{"rendered":"https:\/\/fromago.info\/aef\/registo"},"modified":"2024-02-16T11:29:22","modified_gmt":"2024-02-16T10:29:22","slug":"registo","status":"publish","type":"page","link":"https:\/\/fromago.info\/pt-pt\/registo\/","title":{"rendered":"Registo"},"content":{"rendered":"<p><svg aria-hidden=\"true\" viewBox=\"0 0 448 512\" xmlns=\"http:\/\/www.w3.org\/2000\/svg\"><path d=\"M134.059 296H436c6.627 0 12-5.373 12-12v-56c0-6.627-5.373-12-12-12H134.059v-46.059c0-21.382-25.851-32.09-40.971-16.971L7.029 239.029c-9.373 9.373-9.373 24.569 0 33.941l86.059 86.059c15.119 15.119 40.971 4.411 40.971-16.971V296z\"><\/path><\/svg>\t\t\t<\/p>\n<style>\/*! elementor - v3.18.0 - 20-12-2023 *\/\n.elementor-heading-title{padding:0;margin:0;line-height:1}.elementor-widget-heading .elementor-heading-title[class*=elementor-size-]>a{color:inherit;font-size:inherit;line-height:inherit}.elementor-widget-heading .elementor-heading-title.elementor-size-small{font-size:15px}.elementor-widget-heading .elementor-heading-title.elementor-size-medium{font-size:19px}.elementor-widget-heading .elementor-heading-title.elementor-size-large{font-size:29px}.elementor-widget-heading .elementor-heading-title.elementor-size-xl{font-size:39px}.elementor-widget-heading .elementor-heading-title.elementor-size-xxl{font-size:59px}<\/style>\n<h2>REGISTO<\/h2>\n<style>\/*! elementor - v3.18.0 - 20-12-2023 *\/\n.elementor-column .elementor-spacer-inner{height:var(--spacer-size)}.e-con{--container-widget-width:100%}.e-con-inner>.elementor-widget-spacer,.e-con>.elementor-widget-spacer{width:var(--container-widget-width,var(--spacer-size));--align-self:var(--container-widget-align-self,initial);--flex-shrink:0}.e-con-inner>.elementor-widget-spacer>.elementor-widget-container,.e-con>.elementor-widget-spacer>.elementor-widget-container{height:100%;width:100%}.e-con-inner>.elementor-widget-spacer>.elementor-widget-container>.elementor-spacer,.e-con>.elementor-widget-spacer>.elementor-widget-container>.elementor-spacer{height:100%}.e-con-inner>.elementor-widget-spacer>.elementor-widget-container>.elementor-spacer>.elementor-spacer-inner,.e-con>.elementor-widget-spacer>.elementor-widget-container>.elementor-spacer>.elementor-spacer-inner{height:var(--container-widget-height,var(--spacer-size))}.e-con-inner>.elementor-widget-spacer.elementor-widget-empty,.e-con>.elementor-widget-spacer.elementor-widget-empty{position:relative;min-height:22px;min-width:22px}.e-con-inner>.elementor-widget-spacer.elementor-widget-empty .elementor-widget-empty-icon,.e-con>.elementor-widget-spacer.elementor-widget-empty .elementor-widget-empty-icon{position:absolute;top:0;bottom:0;left:0;right:0;margin:auto;padding:0;width:22px;height:22px}<\/style>\n<p>\t\t\t<!DOCTYPE html><br \/>\n<html lang=\"en\"><br \/>\n<head><br \/>\n    <meta charset=\"UTF-8\"><br \/>\n    <meta name=\"viewport\" content=\"width=device-width, initial-scale=1.0\"><br \/>\n    <title>Document<\/title><br \/>\n    <!-- Latest compiled and minified CSS -->\n    <link rel=\"stylesheet\" href=\"https:\/\/maxcdn.bootstrapcdn.com\/bootstrap\/4.0\n.0\/css\/bootstrap.min.css\"><br \/>\n    <!-- jQuery library --><br \/>\n    <!-- Popper JS --><br \/>\n    <!-- Latest compiled JavaScript --><\/p>\n<style>\n        label {\n            font-weight: 700;\n        }\n    <\/style>\n<p><\/head><br \/>\n<body><\/p>\n<h5 style=\"color: white;margin-left: 20px;\">DADOS COMERCIAIS DA EMPRESA EXPOSITORA<\/h5>\n<form id=\"multiplicar\" action=\"\/inscritos\/datos.php\" method=\"post\">\n                    <label for=\"empresa\">Empresa<\/label><br \/>\n                    <input type=\"text\" name=\"empresa\" id=\"empresa\" placeholder=\"\" required=\"\"><br \/>\n                    <label for=\"cif\">N\u00daMERO DE IVA<\/label><br \/>\n                    <input type=\"text\" name=\"cif\" id=\"cif\" placeholder=\"\" required=\"\"><br \/>\n                <label for=\"nombre_comercial\">Nome comercial<\/label><br \/>\n                <input type=\"text\" name=\"nombre_comercial\" id=\"nombre_comercial\" placeholder=\"\"\n                    required=\"\"><br \/>\n                <label for=\"direccion\">Endere\u00e7o<\/label><br \/>\n                <input type=\"text\" name=\"direccion\" id=\"direccion\" placeholder=\"\" required=\"\"><br \/>\n                    <label for=\"poblacion\">Cidade\/Prov\u00edncia<\/label><br \/>\n                    <input type=\"text\" name=\"poblacion\" id=\"poblacion\" placeholder=\"\" required=\"\"><br \/>\n                    <label for=\"pais\">Pa\u00eds<\/label><br \/>\n                    <input type=\"text\" name=\"pais\" id=\"pais\" placeholder=\"\" required=\"\"><br \/>\n                    <label for=\"codigo_postal\">C\u00f3digo postal<\/label><br \/>\n                    <input type=\"text\" name=\"codigo_postal\" id=\"codigo_postal\" placeholder=\"\"\n                        required=\"\"><br \/>\n                    <label for=\"telefono\">Telefone<\/label><br \/>\n                    <input type=\"tel\" name=\"telefono\" id=\"telefono\" placeholder=\"\" required=\"\"><br \/>\n                    <label for=\"email\">Correio eletr\u00f3nico<\/label><br \/>\n                    <input type=\"email\" name=\"email\" id=\"email\" placeholder=\"\" required=\"\"><br \/>\n                    <label for=\"web\">Web<\/label><br \/>\n                    <input type=\"text\" name=\"web\" id=\"web\" placeholder=\"\"><br \/>\n                    <label for=\"persona_contacto\">Pessoa de contacto<\/label><br \/>\n                    <input type=\"text\" name=\"persona_contacto\" id=\"persona_contacto\" placeholder=\"\"\n                        required=\"\"><br \/>\n                    <label for=\"movil\">Telem\u00f3vel<\/label><br \/>\n                    <input type=\"tel\" name=\"movil\" id=\"movil\" placeholder=\"\" required=\"\"><br \/>\n                <label for=\"rotulacion_stand\">Sinal\u00e9tica do stand<\/label><br \/>\n                <input type=\"text\" name=\"rotulacion_stand\" id=\"rotulacion_stand\" placeholder=\"\"\n                    required=\"\"><\/p>\n<h5 style=\"color: white;margin-left: 20px;\">TIPO DE PRODUTO A EXPOR<\/h5>\n<p>                <input name=\"quesos\" type=\"checkbox\" value=\"\" id=\"quesos\"><br \/>\n                <label for=\"quesos\"><br \/>\n                    QUEIJO<br \/>\n                <\/label><br \/>\n                <input name=\"mieles_polenes\" type=\"checkbox\" value=\"\" id=\"mieles_polenes\"><br \/>\n                <label for=\"mieles_polenes\"><br \/>\n                    M\u00c9IS E P\u00d3LENES<br \/>\n                <\/label><br \/>\n                <input name=\"aceites\" type=\"checkbox\" value=\"\" id=\"aceites\"><br \/>\n                <label for=\"aceites\"><br \/>\n                    \u00d3LEOS<br \/>\n                <\/label><br \/>\n                <input name=\"conservas\" type=\"checkbox\" value=\"\" id=\"conservas\"><br \/>\n                <label for=\"conservas\"><br \/>\n                    ALIMENTOS ENLATADOS<br \/>\n                <\/label><br \/>\n                <input name=\"bebida_espirituosa\" type=\"checkbox\" value=\"\"\n                    id=\"bebida_espirituosa\"><br \/>\n                <label for=\"bebida_espirituosa\"><br \/>\n                    BEBIDAS ESPIRITUAIS<br \/>\n                <\/label><br \/>\n                <input name=\"otro_lacteos\" type=\"checkbox\" value=\"\" id=\"otro_lacteos\"><br \/>\n                <label for=\"otro_lacteos\"><br \/>\n                    OUTROS PRODUTOS L\u00c1CTEOS<br \/>\n                <\/label><br \/>\n                <input name=\"confituras\" type=\"checkbox\" value=\"\" id=\"confituras\"><br \/>\n                <label for=\"confituras\"><br \/>\n                    JAMS, COMPOTES<br \/>\n                <\/label><br \/>\n                <input name=\"panes\" type=\"checkbox\" value=\"\" id=\"panes\"><br \/>\n                <label for=\"panes\"><br \/>\n                    PAIN\u00c9IS<br \/>\n                <\/label><br \/>\n                <input name=\"embutidos\" type=\"checkbox\" value=\"\" id=\"embutidos\"><br \/>\n                <label for=\"embutidos\"><br \/>\n                    EMBUTIDOS<br \/>\n                <\/label><br \/>\n                <input name=\"cervezas\" type=\"checkbox\" value=\"\" id=\"cervezas\"><br \/>\n                <label for=\"cervezas\"><br \/>\n                    CERVEJAS<br \/>\n                <\/label><br \/>\n                <input name=\"frutos_secos\" type=\"checkbox\" value=\"\" id=\"frutos_secos\"><br \/>\n                <label for=\"frutos_secos\"><br \/>\n                    FRUTOS SECOS<br \/>\n                <\/label><br \/>\n                <input name=\"setas\" type=\"checkbox\" value=\"\" id=\"setas\"><br \/>\n                <label for=\"setas\"><br \/>\n                    COGUMELOS<br \/>\n                <\/label><br \/>\n                <input name=\"vino\" type=\"checkbox\" value=\"\" id=\"vino\"><br \/>\n                <label for=\"vino\"><br \/>\n                    VINHO<br \/>\n                <\/label><br \/>\n                <input name=\"otros\" type=\"checkbox\" value=\"\" id=\"otros\"><br \/>\n                <label for=\"otros\"><br \/>\n                    OUTROS<br \/>\n                <\/label><br \/>\n        <!-- CALCULO DE ESPACIOS --><\/p>\n<h5 style=\"color: white;margin-left: 20px;\">PEDIDO DE ESPA\u00c7O\/AJUDA AUT\u00d3NOMA. (Consultar tarifas e prazos no<br \/>\n                plazos en <a href=\"https:\/\/fromago.info\/aef\/wp-content\/uploads\/2023\/12\/Fromago-Dossier-Presentacionv2-2.pdf\" target=\"_blank\" style=\"color: #22a293;\" rel=\"noopener\">dossier<\/a>)<br \/>\n            <\/h5>\n<p>                    <label for=\"inputCity\">N.\u00ba de espa\u00e7os (m\u00e1ximo 4)<\/label><br \/>\n                    <input type=\"number\" name=\"espacios\" id=\"multiplicando\" min=\"1\" max=\"4\"\n                        onChange=\"multiplicar();\" required=\"\"><br \/>\n                    <label for=\"inputState\">x Montante<\/label><br \/>\n                    <input type=\"text\" name=\"importe\" id=\"multiplicador\" value=800\n                        onChange=\"multiplicar();\" disabled><br \/>\n                    <label for=\"inputZip\"> \u20ac reserva total<\/label><br \/>\n                    <input type=\"text\" name=\"total_reserva\" id=\"resultado\"><br \/>\n                    <label for=\"inputCity\"><\/label><br \/>\n                    <input type=\"number\"><br \/>\n                    <label for=\"inputState\"><\/label><br \/>\n                    <input type=\"text\"><br \/>\n                    <label for=\"inputZip\">IVA 21%<\/label><br \/>\n                    <input type=\"text\" name=\"iva\" id=\"resultadoIva\"><br \/>\n                    <label for=\"inputCity\"><\/label><br \/>\n                    <input type=\"number\"><br \/>\n                    <label for=\"inputState\"><\/label><br \/>\n                    <input type=\"text\"><br \/>\n                    <label for=\"inputZip\">TOTAL A PAGAR PR\u00c9-INSCRI\u00c7\u00c3O<\/label><br \/>\n                    <input type=\"text\" name=\"total_preinscripcion\" id=\"resultadoTotal\"><br \/>\n                    <label>Primeira fra\u00e7\u00e3o (16\/02\/24-30\/05\/24)<\/label><br \/>\n                    <input type=\"text\" name=\"primer_plazo\" id=\"resultadoTotalDivision\"><br \/>\n                    <label for=\"inputZip\">Segunda presta\u00e7\u00e3o (antes del 15\/07\/24)<\/label><br \/>\n                    <input type=\"text\" name=\"segundo_plazo\" id=\"resultadoTotalDivision2\"><\/p>\n<p style=\"font-weight: 700; font-size: 19px;\">TRANSFERENCIA: Caja Rural De Zamora Cooperativa De Cr\u00e9dito CC<br \/>\n                ES12 3085 0011 1427 0152 8123:<br \/>\n                Concepto: Preinscripci\u00f3n Fromago 2024 &#8211; Nombre empresa &#8211; CIF empresa<\/p>\n<p>                <input name=\"usage_marketing\" type=\"checkbox\" id=\"gridCheck\"><br \/>\n                <label for=\"gridCheck\" required=\"\"><br \/>\n                    Li e aceito as <a href=\"https:\/\/fromago.info\/aef\/wp-content\/uploads\/2023\/12\/Fromago-Dossier-Presentacionv2-2.pdf\" target=\"_blank\" style=\"color: #22a293;\" rel=\"noopener\">regras de participa\u00e7\u00e3o<\/a><br \/>\n                <\/label><br \/>\n            <label for=\"formFile\">Anexar comprovativo dos dados banc\u00e1rios<\/label><br \/>\n            <input type=\"file\" name=\"file\" required=\"\"><\/p>\n<p style=\"font-weight: 700; font-size: 19px;\">Al\u00e9m disso, envie o comprovante banc\u00e1rio para: <a\n                    href=\"mailto:info@fromago.info\" style=\"color: #22a293;\">info@fromago.info<\/a><\/p>\n<p>        <button type=\"submit\" name=\"but_upload\" style=\"width: 100%;background: #22a293;border-color: #22a293;\">Enviar<\/button><\/p>\n<p>\n                EILZA Ctra. De la Aldehuela s\/n &#8211; 49022 &#8211; Zamora, Espanha. Tel: +34 653 349 862 . Este formul\u00e1rio de<br \/>\n                registro<br \/>\n                O formul\u00e1rio de registro \u00e9 um Pedido de Admiss\u00e3o e n\u00e3o permite que voc\u00ea se registre diretamente, nem<br \/>\n                permite que voc\u00ea exponha no<br \/>\n                Fromag\u00f4. Todas as inscri\u00e7\u00f5es ser\u00e3o submetidas ao Comit\u00ea de Admiss\u00e3o, que \u00e9 o \u00fanico respons\u00e1vel por sua<br \/>\n                aceita\u00e7\u00e3o final, sem qualquer obriga\u00e7\u00e3o de justificar sua decis\u00e3o.<br \/>\n                sem qualquer obriga\u00e7\u00e3o de justificar sua decis\u00e3o.\n            <\/p>\n<\/p><\/form>\n<p><\/body><br \/>\n<\/html><\/p>\n","protected":false},"excerpt":{"rendered":"<p>REGISTO Document DADOS COMERCIAIS DA EMPRESA EXPOSITORA Empresa N\u00daMERO DE IVA Nome comercial Endere\u00e7o Cidade\/Prov\u00edncia Pa\u00eds C\u00f3digo postal Telefone Correio eletr\u00f3nico Web Pessoa de contacto Telem\u00f3vel Sinal\u00e9tica do stand TIPO DE PRODUTO A EXPOR QUEIJO M\u00c9IS E P\u00d3LENES \u00d3LEOS ALIMENTOS ENLATADOS BEBIDAS ESPIRITUAIS OUTROS PRODUTOS L\u00c1CTEOS JAMS, COMPOTES PAIN\u00c9IS EMBUTIDOS CERVEJAS FRUTOS SECOS COGUMELOS VINHO [&hellip;]<\/p>\n","protected":false},"author":1,"featured_media":0,"parent":0,"menu_order":0,"comment_status":"closed","ping_status":"closed","template":"","meta":{"_acf_changed":false,"om_disable_all_campaigns":false,"footnotes":""},"class_list":["post-751","page","type-page","status-publish","hentry"],"acf":[],"yoast_head":"<!-- This site is optimized with the Yoast SEO plugin v27.3 - https:\/\/yoast.com\/product\/yoast-seo-wordpress\/ -->\n<title>Registo - Fromago 2026 - Cheese Experience - Zamora<\/title>\n<meta name=\"robots\" content=\"index, follow, max-snippet:-1, max-image-preview:large, max-video-preview:-1\" \/>\n<link rel=\"canonical\" href=\"https:\/\/fromago.info\/pt-pt\/registo\/\" \/>\n<meta property=\"og:locale\" content=\"pt_PT\" \/>\n<meta property=\"og:type\" content=\"article\" \/>\n<meta property=\"og:title\" content=\"Registo - Fromago 2026 - Cheese Experience - Zamora\" \/>\n<meta property=\"og:description\" content=\"REGISTO Document DADOS COMERCIAIS DA EMPRESA EXPOSITORA Empresa N\u00daMERO DE IVA Nome comercial Endere\u00e7o Cidade\/Prov\u00edncia Pa\u00eds C\u00f3digo postal Telefone Correio eletr\u00f3nico Web Pessoa de contacto Telem\u00f3vel Sinal\u00e9tica do stand TIPO DE PRODUTO A EXPOR QUEIJO M\u00c9IS E P\u00d3LENES \u00d3LEOS ALIMENTOS ENLATADOS BEBIDAS ESPIRITUAIS OUTROS PRODUTOS L\u00c1CTEOS JAMS, COMPOTES PAIN\u00c9IS EMBUTIDOS CERVEJAS FRUTOS SECOS COGUMELOS VINHO [&hellip;]\" \/>\n<meta property=\"og:url\" content=\"https:\/\/fromago.info\/pt-pt\/registo\/\" \/>\n<meta property=\"og:site_name\" content=\"Fromago 2026 - Cheese Experience - Zamora\" \/>\n<meta property=\"article:publisher\" content=\"https:\/\/www.facebook.com\/FromagoZamora\/\" \/>\n<meta property=\"article:modified_time\" content=\"2024-02-16T10:29:22+00:00\" \/>\n<meta property=\"og:image\" content=\"https:\/\/fromago.info\/aef\/wp-content\/uploads\/logo-fromago-triangulo.jpg\" \/>\n\t<meta property=\"og:image:width\" content=\"1417\" \/>\n\t<meta property=\"og:image:height\" content=\"1417\" \/>\n\t<meta property=\"og:image:type\" content=\"image\/jpeg\" \/>\n<meta name=\"twitter:card\" content=\"summary_large_image\" \/>\n<meta name=\"twitter:site\" content=\"@FromagoZamora\" \/>\n<meta name=\"twitter:label1\" content=\"Tempo estimado de leitura\" \/>\n\t<meta name=\"twitter:data1\" content=\"1 minuto\" \/>\n<script type=\"application\/ld+json\" class=\"yoast-schema-graph\">{\"@context\":\"https:\\\/\\\/schema.org\",\"@graph\":[{\"@type\":\"WebPage\",\"@id\":\"https:\\\/\\\/fromago.info\\\/pt-pt\\\/registo\\\/\",\"url\":\"https:\\\/\\\/fromago.info\\\/pt-pt\\\/registo\\\/\",\"name\":\"Registo - Fromago 2026 - Cheese Experience - Zamora\",\"isPartOf\":{\"@id\":\"https:\\\/\\\/fromago.info\\\/pt-pt\\\/#website\"},\"datePublished\":\"2023-12-26T11:48:32+00:00\",\"dateModified\":\"2024-02-16T10:29:22+00:00\",\"breadcrumb\":{\"@id\":\"https:\\\/\\\/fromago.info\\\/pt-pt\\\/registo\\\/#breadcrumb\"},\"inLanguage\":\"pt-PT\",\"potentialAction\":[{\"@type\":\"ReadAction\",\"target\":[\"https:\\\/\\\/fromago.info\\\/pt-pt\\\/registo\\\/\"]}]},{\"@type\":\"BreadcrumbList\",\"@id\":\"https:\\\/\\\/fromago.info\\\/pt-pt\\\/registo\\\/#breadcrumb\",\"itemListElement\":[{\"@type\":\"ListItem\",\"position\":1,\"name\":\"Portada\",\"item\":\"https:\\\/\\\/fromago.info\\\/pt-pt\\\/inicio\\\/\"},{\"@type\":\"ListItem\",\"position\":2,\"name\":\"Registo\"}]},{\"@type\":\"WebSite\",\"@id\":\"https:\\\/\\\/fromago.info\\\/pt-pt\\\/#website\",\"url\":\"https:\\\/\\\/fromago.info\\\/pt-pt\\\/\",\"name\":\"Fromago 2026 - Cheese Experience - Zamora\",\"description\":\"El mayor evento quesero de Espa\u00f1a\",\"publisher\":{\"@id\":\"https:\\\/\\\/fromago.info\\\/pt-pt\\\/#organization\"},\"alternateName\":\"Fromago 2026 - Cheese Experience\",\"potentialAction\":[{\"@type\":\"SearchAction\",\"target\":{\"@type\":\"EntryPoint\",\"urlTemplate\":\"https:\\\/\\\/fromago.info\\\/pt-pt\\\/?s={search_term_string}\"},\"query-input\":{\"@type\":\"PropertyValueSpecification\",\"valueRequired\":true,\"valueName\":\"search_term_string\"}}],\"inLanguage\":\"pt-PT\"},{\"@type\":\"Organization\",\"@id\":\"https:\\\/\\\/fromago.info\\\/pt-pt\\\/#organization\",\"name\":\"Fromago 2026 - Cheese Experience\",\"alternateName\":\"Fromago 2026 - Cheese Experience - Zamora\",\"url\":\"https:\\\/\\\/fromago.info\\\/pt-pt\\\/\",\"logo\":{\"@type\":\"ImageObject\",\"inLanguage\":\"pt-PT\",\"@id\":\"https:\\\/\\\/fromago.info\\\/pt-pt\\\/#\\\/schema\\\/logo\\\/image\\\/\",\"url\":\"https:\\\/\\\/fromago.info\\\/aef\\\/wp-content\\\/uploads\\\/logo-fromago-triangulo.jpg\",\"contentUrl\":\"https:\\\/\\\/fromago.info\\\/aef\\\/wp-content\\\/uploads\\\/logo-fromago-triangulo.jpg\",\"width\":1417,\"height\":1417,\"caption\":\"Fromago 2026 - Cheese Experience\"},\"image\":{\"@id\":\"https:\\\/\\\/fromago.info\\\/pt-pt\\\/#\\\/schema\\\/logo\\\/image\\\/\"},\"sameAs\":[\"https:\\\/\\\/www.facebook.com\\\/FromagoZamora\\\/\",\"https:\\\/\\\/x.com\\\/FromagoZamora\",\"https:\\\/\\\/www.instagram.com\\\/fromagozamora\\\/\",\"https:\\\/\\\/www.youtube.com\\\/@FromagoZamora\"]}]}<\/script>\n<!-- \/ Yoast SEO plugin. -->","yoast_head_json":{"title":"Registo - Fromago 2026 - Cheese Experience - Zamora","robots":{"index":"index","follow":"follow","max-snippet":"max-snippet:-1","max-image-preview":"max-image-preview:large","max-video-preview":"max-video-preview:-1"},"canonical":"https:\/\/fromago.info\/pt-pt\/registo\/","og_locale":"pt_PT","og_type":"article","og_title":"Registo - Fromago 2026 - Cheese Experience - Zamora","og_description":"REGISTO Document DADOS COMERCIAIS DA EMPRESA EXPOSITORA Empresa N\u00daMERO DE IVA Nome comercial Endere\u00e7o Cidade\/Prov\u00edncia Pa\u00eds C\u00f3digo postal Telefone Correio eletr\u00f3nico Web Pessoa de contacto Telem\u00f3vel Sinal\u00e9tica do stand TIPO DE PRODUTO A EXPOR QUEIJO M\u00c9IS E P\u00d3LENES \u00d3LEOS ALIMENTOS ENLATADOS BEBIDAS ESPIRITUAIS OUTROS PRODUTOS L\u00c1CTEOS JAMS, COMPOTES PAIN\u00c9IS EMBUTIDOS CERVEJAS FRUTOS SECOS COGUMELOS VINHO [&hellip;]","og_url":"https:\/\/fromago.info\/pt-pt\/registo\/","og_site_name":"Fromago 2026 - Cheese Experience - Zamora","article_publisher":"https:\/\/www.facebook.com\/FromagoZamora\/","article_modified_time":"2024-02-16T10:29:22+00:00","og_image":[{"width":1417,"height":1417,"url":"https:\/\/fromago.info\/aef\/wp-content\/uploads\/logo-fromago-triangulo.jpg","type":"image\/jpeg"}],"twitter_card":"summary_large_image","twitter_site":"@FromagoZamora","twitter_misc":{"Tempo estimado de leitura":"1 minuto"},"schema":{"@context":"https:\/\/schema.org","@graph":[{"@type":"WebPage","@id":"https:\/\/fromago.info\/pt-pt\/registo\/","url":"https:\/\/fromago.info\/pt-pt\/registo\/","name":"Registo - Fromago 2026 - Cheese Experience - Zamora","isPartOf":{"@id":"https:\/\/fromago.info\/pt-pt\/#website"},"datePublished":"2023-12-26T11:48:32+00:00","dateModified":"2024-02-16T10:29:22+00:00","breadcrumb":{"@id":"https:\/\/fromago.info\/pt-pt\/registo\/#breadcrumb"},"inLanguage":"pt-PT","potentialAction":[{"@type":"ReadAction","target":["https:\/\/fromago.info\/pt-pt\/registo\/"]}]},{"@type":"BreadcrumbList","@id":"https:\/\/fromago.info\/pt-pt\/registo\/#breadcrumb","itemListElement":[{"@type":"ListItem","position":1,"name":"Portada","item":"https:\/\/fromago.info\/pt-pt\/inicio\/"},{"@type":"ListItem","position":2,"name":"Registo"}]},{"@type":"WebSite","@id":"https:\/\/fromago.info\/pt-pt\/#website","url":"https:\/\/fromago.info\/pt-pt\/","name":"Fromago 2026 - Cheese Experience - Zamora","description":"El mayor evento quesero de Espa\u00f1a","publisher":{"@id":"https:\/\/fromago.info\/pt-pt\/#organization"},"alternateName":"Fromago 2026 - Cheese Experience","potentialAction":[{"@type":"SearchAction","target":{"@type":"EntryPoint","urlTemplate":"https:\/\/fromago.info\/pt-pt\/?s={search_term_string}"},"query-input":{"@type":"PropertyValueSpecification","valueRequired":true,"valueName":"search_term_string"}}],"inLanguage":"pt-PT"},{"@type":"Organization","@id":"https:\/\/fromago.info\/pt-pt\/#organization","name":"Fromago 2026 - Cheese Experience","alternateName":"Fromago 2026 - Cheese Experience - Zamora","url":"https:\/\/fromago.info\/pt-pt\/","logo":{"@type":"ImageObject","inLanguage":"pt-PT","@id":"https:\/\/fromago.info\/pt-pt\/#\/schema\/logo\/image\/","url":"https:\/\/fromago.info\/aef\/wp-content\/uploads\/logo-fromago-triangulo.jpg","contentUrl":"https:\/\/fromago.info\/aef\/wp-content\/uploads\/logo-fromago-triangulo.jpg","width":1417,"height":1417,"caption":"Fromago 2026 - Cheese Experience"},"image":{"@id":"https:\/\/fromago.info\/pt-pt\/#\/schema\/logo\/image\/"},"sameAs":["https:\/\/www.facebook.com\/FromagoZamora\/","https:\/\/x.com\/FromagoZamora","https:\/\/www.instagram.com\/fromagozamora\/","https:\/\/www.youtube.com\/@FromagoZamora"]}]}},"_links":{"self":[{"href":"https:\/\/fromago.info\/pt-pt\/wp-json\/wp\/v2\/pages\/751","targetHints":{"allow":["GET"]}}],"collection":[{"href":"https:\/\/fromago.info\/pt-pt\/wp-json\/wp\/v2\/pages"}],"about":[{"href":"https:\/\/fromago.info\/pt-pt\/wp-json\/wp\/v2\/types\/page"}],"author":[{"embeddable":true,"href":"https:\/\/fromago.info\/pt-pt\/wp-json\/wp\/v2\/users\/1"}],"replies":[{"embeddable":true,"href":"https:\/\/fromago.info\/pt-pt\/wp-json\/wp\/v2\/comments?post=751"}],"version-history":[{"count":0,"href":"https:\/\/fromago.info\/pt-pt\/wp-json\/wp\/v2\/pages\/751\/revisions"}],"wp:attachment":[{"href":"https:\/\/fromago.info\/pt-pt\/wp-json\/wp\/v2\/media?parent=751"}],"curies":[{"name":"wp","href":"https:\/\/api.w.org\/{rel}","templated":true}]}}