{"id":913,"date":"2023-12-28T07:19:06","date_gmt":"2023-12-28T06:19:06","guid":{"rendered":"https:\/\/fromago.info\/aef\/politica-de-privacidade"},"modified":"2023-12-29T10:46:56","modified_gmt":"2023-12-29T09:46:56","slug":"politica-de-privacidade","status":"publish","type":"page","link":"https:\/\/fromago.info\/pt-pt\/politica-de-privacidade\/","title":{"rendered":"Pol\u00edtica de privacidade"},"content":{"rendered":"<style>\/*! elementor - v3.18.0 - 20-12-2023 *\/\n.elementor-column .elementor-spacer-inner{height:var(--spacer-size)}.e-con{--container-widget-width:100%}.e-con-inner>.elementor-widget-spacer,.e-con>.elementor-widget-spacer{width:var(--container-widget-width,var(--spacer-size));--align-self:var(--container-widget-align-self,initial);--flex-shrink:0}.e-con-inner>.elementor-widget-spacer>.elementor-widget-container,.e-con>.elementor-widget-spacer>.elementor-widget-container{height:100%;width:100%}.e-con-inner>.elementor-widget-spacer>.elementor-widget-container>.elementor-spacer,.e-con>.elementor-widget-spacer>.elementor-widget-container>.elementor-spacer{height:100%}.e-con-inner>.elementor-widget-spacer>.elementor-widget-container>.elementor-spacer>.elementor-spacer-inner,.e-con>.elementor-widget-spacer>.elementor-widget-container>.elementor-spacer>.elementor-spacer-inner{height:var(--container-widget-height,var(--spacer-size))}.e-con-inner>.elementor-widget-spacer.elementor-widget-empty,.e-con>.elementor-widget-spacer.elementor-widget-empty{position:relative;min-height:22px;min-width:22px}.e-con-inner>.elementor-widget-spacer.elementor-widget-empty .elementor-widget-empty-icon,.e-con>.elementor-widget-spacer.elementor-widget-empty .elementor-widget-empty-icon{position:absolute;top:0;bottom:0;left:0;right:0;margin:auto;padding:0;width:22px;height:22px}<\/style>\n<h1>Pol\u00edtica de privacidade<\/h1>\n<p>A International Dairy Industry School Foundation, doravante EILZA, reconhece a import\u00e2ncia de fornecer aos nossos clientes informa\u00e7\u00f5es claras e transparentes sobre a utiliza\u00e7\u00e3o dos dados que nos fornecem. A nossa rela\u00e7\u00e3o baseia-se na honestidade, no rigor e na transpar\u00eancia, de modo a construir rela\u00e7\u00f5es s\u00f3lidas de confian\u00e7a m\u00fatua. A presente pol\u00edtica de privacidade descreve a forma como tratamos os dados pessoais nas nossas interac\u00e7\u00f5es. Ao aceder ao s\u00edtio Web <a href=\"https:\/\/fromago.info\/aef\">www.fromago.info<\/a>, o utilizador aceita e consente a presente Pol\u00edtica de Privacidade.<\/p>\n<h2>Quem \u00e9 respons\u00e1vel pelo tratamento dos seus dados?<\/h2>\n<p>A entidade respons\u00e1vel \u00e9 a Fundaci\u00f3n Escuela Internacional de Industrias L\u00e1cteas (EILZA), com endere\u00e7o em Zamora e CIF Q-49303795.<\/p>\n<p>Endere\u00e7o postal: C\/ San Torcuato 11, Bajo- 49014 Zamora<\/p>\n<p>Telefone: +34 653 349 862<\/p>\n<p>Correio eletr\u00f3nico: <a href=\"mailto:info@fromago.info\">info@fromago.info<\/a><\/p>\n<h2>Para que fins processamos os seus dados?<\/h2>\n<p>Na EILZA, tratamos os dados fornecidos com as seguintes finalidades:<\/p>\n<ol>\n<li>Envie informa\u00e7\u00f5es relacionadas com a sua participa\u00e7\u00e3o na feira Fromago.<\/li>\n<li>Enviar informa\u00e7\u00f5es promocionais e\/ou publicit\u00e1rias sobre a feira e as actividades, incluindo por meios electr\u00f3nicos.<\/li>\n<li>Prestar ajuda e responder a perguntas atrav\u00e9s do formul\u00e1rio no s\u00edtio Web da feira Fromago, contactando-o por telefone e\/ou correio fornecido.<\/li>\n<li>Para gerir a rela\u00e7\u00e3o contratual, incluindo o processamento da participa\u00e7\u00e3o em feiras comerciais, fatura\u00e7\u00e3o, pagamentos, acompanhamento de pagamentos, inqu\u00e9ritos sobre a fidelidade do cliente e a qualidade do servi\u00e7o.<\/li>\n<li>Construir um perfil de marketing para oferecer produtos\/servi\u00e7os com base nos seus interesses e para melhorar a sua experi\u00eancia de utilizador, sem decis\u00f5es automatizadas com base nesse perfil.<\/li>\n<li>Manter listas de n\u00e3o envio e listas de supress\u00e3o\/cancelamento de acordo com as prefer\u00eancias e direitos do utilizador.<\/li>\n<li>Para permitir o funcionamento do s\u00edtio www.fromago.info atrav\u00e9s de cookies t\u00e9cnicos e funcionais, de acordo com a pol\u00edtica de cookies.<\/li>\n<\/ol>\n<h2>Durante quanto tempo conservaremos os seus dados?<\/h2>\n<p>Os dados ser\u00e3o conservados durante o per\u00edodo m\u00ednimo legalmente exigido (por exemplo, para fatura\u00e7\u00e3o de servi\u00e7os). Se n\u00e3o houver uma rela\u00e7\u00e3o comercial no prazo de duas edi\u00e7\u00f5es da Feira de Fromago, ser\u00e3o conservados durante o per\u00edodo legalmente estabelecido. Para efeitos de consulta, ser\u00e3o conservados durante o tempo necess\u00e1rio.<\/p>\n<h2>Qual \u00e9 a legitimidade do tratamento dos seus dados?<\/h2>\n<p>A base legal pode ser: o seu consentimento ao fornecer voluntariamente os seus dados, a rela\u00e7\u00e3o contratual, o interesse leg\u00edtimo em navegar no nosso site, ou a obriga\u00e7\u00e3o legal, inclu\u00edda no Regulamento Europeu de Prote\u00e7\u00e3o de Dados e na Lei dos Servi\u00e7os da Sociedade da Informa\u00e7\u00e3o e do Com\u00e9rcio Eletr\u00f3nico.<\/p>\n<h2>A quem divulgaremos os seus dados?<\/h2>\n<ol>\n<li>Os dados de consulta n\u00e3o ser\u00e3o transmitidos a terceiros e ser\u00e3o tratados internamente na EILZA.<\/li>\n<li>No caso de servi\u00e7os prestados por fornecedores terceiros, estes ser\u00e3o comunicados em estrita confidencialidade e ap\u00f3s a formaliza\u00e7\u00e3o do contrato correspondente.<\/li>\n<li>Os dados dos formul\u00e1rios de inqu\u00e9rito n\u00e3o ser\u00e3o transmitidos a terceiros. S\u00e3o tratados apenas internamente na EILIZA.<\/li>\n<\/ol>\n<h2>Quais s\u00e3o os seus direitos quando nos fornece os seus dados?<\/h2>\n<p>O utilizador tem o direito de obter informa\u00e7\u00f5es claras sobre o tratamento dos seus dados. O utilizador pode aceder, retificar, apagar, opor-se, limitar o tratamento e exercer os seus direitos de portabilidade e automatiza\u00e7\u00e3o das decis\u00f5es. O exerc\u00edcio dos direitos acima referidos pode ser efectuado por correio, anexando uma c\u00f3pia do bilhete de identidade ou passaporte, para EILZA, C\/ San Torcuato 11, Bajo. 49014 Zamora ou por correio eletr\u00f3nico para <a href=\"mailto:info@fromago.info\">info@fromago.info<\/a> com a mesma documenta\u00e7\u00e3o que por correio.<\/p>\n<h2>Contacto<\/h2>\n<p>Se tiver alguma d\u00favida sobre o tratamento dos seus dados, contacte o nosso endere\u00e7o eletr\u00f3nico <a href=\"mailto:info@fromago.info\">info@fromago.info.<\/a><\/p>\n<p>Da mesma forma, pode apresentar as suas reclama\u00e7\u00f5es decorrentes do tratamento dos seus dados pessoais \u00e0 Ag\u00eancia Espanhola de Prote\u00e7\u00e3o de Dados <a href=\"https:\/\/www.aepd.es\/\">https:\/\/www.aepd.es\/.<\/a><\/p>\n","protected":false},"excerpt":{"rendered":"<p>Pol\u00edtica de privacidade A International Dairy Industry School Foundation, doravante EILZA, reconhece a import\u00e2ncia de fornecer aos nossos clientes informa\u00e7\u00f5es claras e transparentes sobre a utiliza\u00e7\u00e3o dos dados que nos fornecem. A nossa rela\u00e7\u00e3o baseia-se na honestidade, no rigor e na transpar\u00eancia, de modo a construir rela\u00e7\u00f5es s\u00f3lidas de confian\u00e7a m\u00fatua. A presente pol\u00edtica de [&hellip;]<\/p>\n","protected":false},"author":1,"featured_media":0,"parent":0,"menu_order":0,"comment_status":"closed","ping_status":"closed","template":"","meta":{"_acf_changed":false,"om_disable_all_campaigns":false,"footnotes":""},"class_list":["post-913","page","type-page","status-publish","hentry"],"acf":[],"yoast_head":"<!-- This site is optimized with the Yoast SEO plugin v27.3 - https:\/\/yoast.com\/product\/yoast-seo-wordpress\/ -->\n<title>Pol\u00edtica de privacidade - Fromago 2026 - Cheese Experience - Zamora<\/title>\n<meta name=\"robots\" content=\"index, follow, max-snippet:-1, max-image-preview:large, max-video-preview:-1\" \/>\n<link rel=\"canonical\" href=\"https:\/\/fromago.info\/pt-pt\/politica-de-privacidade\/\" \/>\n<meta property=\"og:locale\" content=\"pt_PT\" \/>\n<meta property=\"og:type\" content=\"article\" \/>\n<meta property=\"og:title\" content=\"Pol\u00edtica de privacidade - Fromago 2026 - Cheese Experience - Zamora\" \/>\n<meta property=\"og:description\" content=\"Pol\u00edtica de privacidade A International Dairy Industry School Foundation, doravante EILZA, reconhece a import\u00e2ncia de fornecer aos nossos clientes informa\u00e7\u00f5es claras e transparentes sobre a utiliza\u00e7\u00e3o dos dados que nos fornecem. A nossa rela\u00e7\u00e3o baseia-se na honestidade, no rigor e na transpar\u00eancia, de modo a construir rela\u00e7\u00f5es s\u00f3lidas de confian\u00e7a m\u00fatua. A presente pol\u00edtica de [&hellip;]\" \/>\n<meta property=\"og:url\" content=\"https:\/\/fromago.info\/pt-pt\/politica-de-privacidade\/\" \/>\n<meta property=\"og:site_name\" content=\"Fromago 2026 - Cheese Experience - Zamora\" \/>\n<meta property=\"article:publisher\" content=\"https:\/\/www.facebook.com\/FromagoZamora\/\" \/>\n<meta property=\"article:modified_time\" content=\"2023-12-29T09:46:56+00:00\" \/>\n<meta property=\"og:image\" content=\"https:\/\/fromago.info\/aef\/wp-content\/uploads\/logo-fromago-triangulo.jpg\" \/>\n\t<meta property=\"og:image:width\" content=\"1417\" \/>\n\t<meta property=\"og:image:height\" content=\"1417\" \/>\n\t<meta property=\"og:image:type\" content=\"image\/jpeg\" \/>\n<meta name=\"twitter:card\" content=\"summary_large_image\" \/>\n<meta name=\"twitter:site\" content=\"@FromagoZamora\" \/>\n<meta name=\"twitter:label1\" content=\"Tempo estimado de leitura\" \/>\n\t<meta name=\"twitter:data1\" content=\"3 minutos\" \/>\n<script type=\"application\/ld+json\" class=\"yoast-schema-graph\">{\"@context\":\"https:\\\/\\\/schema.org\",\"@graph\":[{\"@type\":\"WebPage\",\"@id\":\"https:\\\/\\\/fromago.info\\\/pt-pt\\\/politica-de-privacidade\\\/\",\"url\":\"https:\\\/\\\/fromago.info\\\/pt-pt\\\/politica-de-privacidade\\\/\",\"name\":\"Pol\u00edtica de privacidade - Fromago 2026 - Cheese Experience - Zamora\",\"isPartOf\":{\"@id\":\"https:\\\/\\\/fromago.info\\\/pt-pt\\\/#website\"},\"datePublished\":\"2023-12-28T06:19:06+00:00\",\"dateModified\":\"2023-12-29T09:46:56+00:00\",\"breadcrumb\":{\"@id\":\"https:\\\/\\\/fromago.info\\\/pt-pt\\\/politica-de-privacidade\\\/#breadcrumb\"},\"inLanguage\":\"pt-PT\",\"potentialAction\":[{\"@type\":\"ReadAction\",\"target\":[\"https:\\\/\\\/fromago.info\\\/pt-pt\\\/politica-de-privacidade\\\/\"]}]},{\"@type\":\"BreadcrumbList\",\"@id\":\"https:\\\/\\\/fromago.info\\\/pt-pt\\\/politica-de-privacidade\\\/#breadcrumb\",\"itemListElement\":[{\"@type\":\"ListItem\",\"position\":1,\"name\":\"Portada\",\"item\":\"https:\\\/\\\/fromago.info\\\/pt-pt\\\/inicio\\\/\"},{\"@type\":\"ListItem\",\"position\":2,\"name\":\"Pol\u00edtica de privacidade\"}]},{\"@type\":\"WebSite\",\"@id\":\"https:\\\/\\\/fromago.info\\\/pt-pt\\\/#website\",\"url\":\"https:\\\/\\\/fromago.info\\\/pt-pt\\\/\",\"name\":\"Fromago 2026 - Cheese Experience - Zamora\",\"description\":\"El mayor evento quesero de Espa\u00f1a\",\"publisher\":{\"@id\":\"https:\\\/\\\/fromago.info\\\/pt-pt\\\/#organization\"},\"alternateName\":\"Fromago 2026 - Cheese Experience\",\"potentialAction\":[{\"@type\":\"SearchAction\",\"target\":{\"@type\":\"EntryPoint\",\"urlTemplate\":\"https:\\\/\\\/fromago.info\\\/pt-pt\\\/?s={search_term_string}\"},\"query-input\":{\"@type\":\"PropertyValueSpecification\",\"valueRequired\":true,\"valueName\":\"search_term_string\"}}],\"inLanguage\":\"pt-PT\"},{\"@type\":\"Organization\",\"@id\":\"https:\\\/\\\/fromago.info\\\/pt-pt\\\/#organization\",\"name\":\"Fromago 2026 - Cheese Experience\",\"alternateName\":\"Fromago 2026 - Cheese Experience - Zamora\",\"url\":\"https:\\\/\\\/fromago.info\\\/pt-pt\\\/\",\"logo\":{\"@type\":\"ImageObject\",\"inLanguage\":\"pt-PT\",\"@id\":\"https:\\\/\\\/fromago.info\\\/pt-pt\\\/#\\\/schema\\\/logo\\\/image\\\/\",\"url\":\"https:\\\/\\\/fromago.info\\\/aef\\\/wp-content\\\/uploads\\\/logo-fromago-triangulo.jpg\",\"contentUrl\":\"https:\\\/\\\/fromago.info\\\/aef\\\/wp-content\\\/uploads\\\/logo-fromago-triangulo.jpg\",\"width\":1417,\"height\":1417,\"caption\":\"Fromago 2026 - Cheese Experience\"},\"image\":{\"@id\":\"https:\\\/\\\/fromago.info\\\/pt-pt\\\/#\\\/schema\\\/logo\\\/image\\\/\"},\"sameAs\":[\"https:\\\/\\\/www.facebook.com\\\/FromagoZamora\\\/\",\"https:\\\/\\\/x.com\\\/FromagoZamora\",\"https:\\\/\\\/www.instagram.com\\\/fromagozamora\\\/\",\"https:\\\/\\\/www.youtube.com\\\/@FromagoZamora\"]}]}<\/script>\n<!-- \/ Yoast SEO plugin. -->","yoast_head_json":{"title":"Pol\u00edtica de privacidade - Fromago 2026 - Cheese Experience - Zamora","robots":{"index":"index","follow":"follow","max-snippet":"max-snippet:-1","max-image-preview":"max-image-preview:large","max-video-preview":"max-video-preview:-1"},"canonical":"https:\/\/fromago.info\/pt-pt\/politica-de-privacidade\/","og_locale":"pt_PT","og_type":"article","og_title":"Pol\u00edtica de privacidade - Fromago 2026 - Cheese Experience - Zamora","og_description":"Pol\u00edtica de privacidade A International Dairy Industry School Foundation, doravante EILZA, reconhece a import\u00e2ncia de fornecer aos nossos clientes informa\u00e7\u00f5es claras e transparentes sobre a utiliza\u00e7\u00e3o dos dados que nos fornecem. A nossa rela\u00e7\u00e3o baseia-se na honestidade, no rigor e na transpar\u00eancia, de modo a construir rela\u00e7\u00f5es s\u00f3lidas de confian\u00e7a m\u00fatua. A presente pol\u00edtica de [&hellip;]","og_url":"https:\/\/fromago.info\/pt-pt\/politica-de-privacidade\/","og_site_name":"Fromago 2026 - Cheese Experience - Zamora","article_publisher":"https:\/\/www.facebook.com\/FromagoZamora\/","article_modified_time":"2023-12-29T09:46:56+00:00","og_image":[{"width":1417,"height":1417,"url":"https:\/\/fromago.info\/aef\/wp-content\/uploads\/logo-fromago-triangulo.jpg","type":"image\/jpeg"}],"twitter_card":"summary_large_image","twitter_site":"@FromagoZamora","twitter_misc":{"Tempo estimado de leitura":"3 minutos"},"schema":{"@context":"https:\/\/schema.org","@graph":[{"@type":"WebPage","@id":"https:\/\/fromago.info\/pt-pt\/politica-de-privacidade\/","url":"https:\/\/fromago.info\/pt-pt\/politica-de-privacidade\/","name":"Pol\u00edtica de privacidade - Fromago 2026 - Cheese Experience - Zamora","isPartOf":{"@id":"https:\/\/fromago.info\/pt-pt\/#website"},"datePublished":"2023-12-28T06:19:06+00:00","dateModified":"2023-12-29T09:46:56+00:00","breadcrumb":{"@id":"https:\/\/fromago.info\/pt-pt\/politica-de-privacidade\/#breadcrumb"},"inLanguage":"pt-PT","potentialAction":[{"@type":"ReadAction","target":["https:\/\/fromago.info\/pt-pt\/politica-de-privacidade\/"]}]},{"@type":"BreadcrumbList","@id":"https:\/\/fromago.info\/pt-pt\/politica-de-privacidade\/#breadcrumb","itemListElement":[{"@type":"ListItem","position":1,"name":"Portada","item":"https:\/\/fromago.info\/pt-pt\/inicio\/"},{"@type":"ListItem","position":2,"name":"Pol\u00edtica de privacidade"}]},{"@type":"WebSite","@id":"https:\/\/fromago.info\/pt-pt\/#website","url":"https:\/\/fromago.info\/pt-pt\/","name":"Fromago 2026 - Cheese Experience - Zamora","description":"El mayor evento quesero de Espa\u00f1a","publisher":{"@id":"https:\/\/fromago.info\/pt-pt\/#organization"},"alternateName":"Fromago 2026 - Cheese Experience","potentialAction":[{"@type":"SearchAction","target":{"@type":"EntryPoint","urlTemplate":"https:\/\/fromago.info\/pt-pt\/?s={search_term_string}"},"query-input":{"@type":"PropertyValueSpecification","valueRequired":true,"valueName":"search_term_string"}}],"inLanguage":"pt-PT"},{"@type":"Organization","@id":"https:\/\/fromago.info\/pt-pt\/#organization","name":"Fromago 2026 - Cheese Experience","alternateName":"Fromago 2026 - Cheese Experience - Zamora","url":"https:\/\/fromago.info\/pt-pt\/","logo":{"@type":"ImageObject","inLanguage":"pt-PT","@id":"https:\/\/fromago.info\/pt-pt\/#\/schema\/logo\/image\/","url":"https:\/\/fromago.info\/aef\/wp-content\/uploads\/logo-fromago-triangulo.jpg","contentUrl":"https:\/\/fromago.info\/aef\/wp-content\/uploads\/logo-fromago-triangulo.jpg","width":1417,"height":1417,"caption":"Fromago 2026 - Cheese Experience"},"image":{"@id":"https:\/\/fromago.info\/pt-pt\/#\/schema\/logo\/image\/"},"sameAs":["https:\/\/www.facebook.com\/FromagoZamora\/","https:\/\/x.com\/FromagoZamora","https:\/\/www.instagram.com\/fromagozamora\/","https:\/\/www.youtube.com\/@FromagoZamora"]}]}},"_links":{"self":[{"href":"https:\/\/fromago.info\/pt-pt\/wp-json\/wp\/v2\/pages\/913","targetHints":{"allow":["GET"]}}],"collection":[{"href":"https:\/\/fromago.info\/pt-pt\/wp-json\/wp\/v2\/pages"}],"about":[{"href":"https:\/\/fromago.info\/pt-pt\/wp-json\/wp\/v2\/types\/page"}],"author":[{"embeddable":true,"href":"https:\/\/fromago.info\/pt-pt\/wp-json\/wp\/v2\/users\/1"}],"replies":[{"embeddable":true,"href":"https:\/\/fromago.info\/pt-pt\/wp-json\/wp\/v2\/comments?post=913"}],"version-history":[{"count":0,"href":"https:\/\/fromago.info\/pt-pt\/wp-json\/wp\/v2\/pages\/913\/revisions"}],"wp:attachment":[{"href":"https:\/\/fromago.info\/pt-pt\/wp-json\/wp\/v2\/media?parent=913"}],"curies":[{"name":"wp","href":"https:\/\/api.w.org\/{rel}","templated":true}]}}