{"id":926,"date":"2023-12-28T07:27:55","date_gmt":"2023-12-28T06:27:55","guid":{"rendered":"https:\/\/fromago.info\/aef\/aviso-legal"},"modified":"2023-12-28T12:51:57","modified_gmt":"2023-12-28T11:51:57","slug":"aviso-legal","status":"publish","type":"page","link":"https:\/\/fromago.info\/pt-pt\/aviso-legal\/","title":{"rendered":"Aviso legal"},"content":{"rendered":"<style>\/*! elementor - v3.18.0 - 20-12-2023 *\/\n.elementor-column .elementor-spacer-inner{height:var(--spacer-size)}.e-con{--container-widget-width:100%}.e-con-inner>.elementor-widget-spacer,.e-con>.elementor-widget-spacer{width:var(--container-widget-width,var(--spacer-size));--align-self:var(--container-widget-align-self,initial);--flex-shrink:0}.e-con-inner>.elementor-widget-spacer>.elementor-widget-container,.e-con>.elementor-widget-spacer>.elementor-widget-container{height:100%;width:100%}.e-con-inner>.elementor-widget-spacer>.elementor-widget-container>.elementor-spacer,.e-con>.elementor-widget-spacer>.elementor-widget-container>.elementor-spacer{height:100%}.e-con-inner>.elementor-widget-spacer>.elementor-widget-container>.elementor-spacer>.elementor-spacer-inner,.e-con>.elementor-widget-spacer>.elementor-widget-container>.elementor-spacer>.elementor-spacer-inner{height:var(--container-widget-height,var(--spacer-size))}.e-con-inner>.elementor-widget-spacer.elementor-widget-empty,.e-con>.elementor-widget-spacer.elementor-widget-empty{position:relative;min-height:22px;min-width:22px}.e-con-inner>.elementor-widget-spacer.elementor-widget-empty .elementor-widget-empty-icon,.e-con>.elementor-widget-spacer.elementor-widget-empty .elementor-widget-empty-icon{position:absolute;top:0;bottom:0;left:0;right:0;margin:auto;padding:0;width:22px;height:22px}<\/style>\n<h1>Aviso legal<\/h1>\n<h2>Informa\u00e7\u00f5es gerais<\/h2>\n<h3>Propriedade do s\u00edtio Web<\/h3>\n<p>A Fundaci\u00f3n Escuela Internacional de Industrias L\u00e1cteas, doravante EILZA, com sede social em Zamora, C\/ San Torcuato 11, Bajo, e CIF Q-49303795, \u00e9 a propriet\u00e1ria do s\u00edtio Web www.fromago.info (doravante, o s\u00edtio Web), colocando-o \u00e0 disposi\u00e7\u00e3o dos utilizadores da Internet com o objetivo de fornecer informa\u00e7\u00f5es sobre a feira Fromago e facilitar a presta\u00e7\u00e3o de servi\u00e7os atrav\u00e9s do s\u00edtio Web.<\/p>\n<h2>Termos e condi\u00e7\u00f5es gerais de utiliza\u00e7\u00e3o e aceita\u00e7\u00e3o dos mesmos<\/h2>\n<p>As presentes condi\u00e7\u00f5es gerais de utiliza\u00e7\u00e3o do Site, juntamente com as condi\u00e7\u00f5es gerais de contrata\u00e7\u00e3o dos servi\u00e7os oferecidos no Site e quaisquer outras condi\u00e7\u00f5es particulares que possam ser estabelecidas, t\u00eam como objetivo regular e informar os utilizadores sobre os servi\u00e7os da EILZA e a utiliza\u00e7\u00e3o do Site.<\/p>\n<p>A navega\u00e7\u00e3o no s\u00edtio web implica a aceita\u00e7\u00e3o incondicional por parte do utilizador de todas as condi\u00e7\u00f5es gerais de utiliza\u00e7\u00e3o, das condi\u00e7\u00f5es gerais de contrata\u00e7\u00e3o e de quaisquer outras condi\u00e7\u00f5es relacionadas com os servi\u00e7os da EILZA.<\/p>\n<p>A EILZA reserva-se o direito de modificar em qualquer momento e sem aviso pr\u00e9vio as presentes condi\u00e7\u00f5es gerais, bem como as condi\u00e7\u00f5es gerais de contrata\u00e7\u00e3o e as condi\u00e7\u00f5es gerais publicadas, de modo a que os utilizadores tenham conhecimento pr\u00e9vio dessas modifica\u00e7\u00f5es.<\/p>\n<h2>Condi\u00e7\u00f5es gerais de utiliza\u00e7\u00e3o do s\u00edtio Web<\/h2>\n<h3>Pol\u00edtica de prote\u00e7\u00e3o de dados pessoais<\/h3>\n<p>Em conformidade com o Regulamento Europeu sobre a Prote\u00e7\u00e3o de Dados Pessoais 679\/2016 de 27 de abril, o Utilizador aceita a inclus\u00e3o dos dados recolhidos durante a navega\u00e7\u00e3o no s\u00edtio Web ou fornecidos sob qualquer forma, bem como os derivados de rela\u00e7\u00f5es comerciais. Durante a recolha de dados, o Utilizador ser\u00e1 informado da obriga\u00e7\u00e3o de recolher esses dados para a presta\u00e7\u00e3o de servi\u00e7os e dos seus direitos.<\/p>\n<p>Direitos do Utilizador: O Utilizador pode exercer os direitos reconhecidos no Regulamento Europeu 679\/2016, incluindo o acesso, a retifica\u00e7\u00e3o, o cancelamento, o apagamento, a oposi\u00e7\u00e3o, a portabilidade e a limita\u00e7\u00e3o do tratamento. Os direitos podem ser exercidos por correio postal ou eletr\u00f3nico, anexando uma c\u00f3pia do DNI ou passaporte, para EILZA com endere\u00e7o em Zamora, C\/ San Torcuato 11, Bajo. 49014 Zamora, ou para o endere\u00e7o info@fromago.info com a mesma documenta\u00e7\u00e3o que por correio. Pode tamb\u00e9m apresentar uma queixa \u00e0 Ag\u00eancia Espanhola de Prote\u00e7\u00e3o de Dados.<\/p>\n<p>Medidas de seguran\u00e7a: A EILZA adoptou as medidas t\u00e9cnicas e organizativas necess\u00e1rias para garantir o tratamento adequado dos dados pessoais, em conformidade com o artigo 25.2 do Regulamento Europeu.<\/p>\n<p>Cookies: A utiliza\u00e7\u00e3o de cookies \u00e9 regida pela Pol\u00edtica de Cookies, acess\u00edvel em qualquer momento a partir do s\u00edtio Web, e faz parte do presente Aviso Legal.<\/p>\n<h3>Propriedade industrial e intelectual. Pol\u00edtica de hiperliga\u00e7\u00f5es<\/h3>\n<p>Todos os conte\u00fados do s\u00edtio Web, incluindo marcas, nomes comerciais, desenhos industriais, textos, fotografias, gr\u00e1ficos, log\u00f3tipos, \u00edcones, software ou outros sinais suscept\u00edveis de utiliza\u00e7\u00e3o industrial e comercial, est\u00e3o protegidos por direitos de propriedade industrial e intelectual da EILZA ou de terceiros autorizados. \u00c9 proibida a utiliza\u00e7\u00e3o ou reprodu\u00e7\u00e3o sem autoriza\u00e7\u00e3o expressa.<\/p>\n<p>A EILZA n\u00e3o ser\u00e1 respons\u00e1vel pela viola\u00e7\u00e3o de direitos de terceiros pela inclus\u00e3o no s\u00edtio Web de marcas, nomes comerciais, desenhos, textos, fotografias, gr\u00e1ficos, log\u00f3tipos, \u00edcones ou software de terceiros.<\/p>\n<p>  O acesso e a navega\u00e7\u00e3o do Utilizador n\u00e3o implicam a autoriza\u00e7\u00e3o, ren\u00fancia, cess\u00e3o ou concess\u00e3o de direitos sobre os conte\u00fados sem a autoriza\u00e7\u00e3o pr\u00e9via e expressa da EILZA ou dos propriet\u00e1rios correspondentes.<\/p>\n<p>N\u00e3o \u00e9 permitido estabelecer liga\u00e7\u00f5es ao s\u00edtio Web sem o consentimento expresso da EILZA. As hiperliga\u00e7\u00f5es devem ser dirigidas para a p\u00e1gina de acolhimento da EILZA ou para a p\u00e1gina indicada pela EILZA, sendo absolutas e cobrindo toda a extens\u00e3o do ecr\u00e3 da p\u00e1gina de acolhimento.<\/p>\n<p>A EILZA n\u00e3o \u00e9 respons\u00e1vel pelo conte\u00fado dos s\u00edtios Web ligados ou por eventuais infrac\u00e7\u00f5es de direitos de terceiros nestas p\u00e1ginas.<\/p>\n<h2>Responsabilidade da EILZA<\/h2>\n<p>O Utilizador reconhece que a utiliza\u00e7\u00e3o do s\u00edtio Web e dos seus servi\u00e7os \u00e9 feita por sua conta e risco. A EILZA s\u00f3 ser\u00e1 respons\u00e1vel pelos danos causados ao Utilizador por conduta dolosa.<\/p>\n<p>A EILZA declara que tomou as medidas necess\u00e1rias para garantir o funcionamento e evitar a presen\u00e7a de v\u00edrus, mas n\u00e3o pode ser responsabilizada por quaisquer danos que os utilizadores possam sofrer.<\/p>\n<h3>Obriga\u00e7\u00f5es do utilizador<\/h3>\n<p>O Utilizador compromete-se a utilizar os conte\u00fados do s\u00edtio Web de forma diligente, correcta e legal, a abster-se de utiliza\u00e7\u00f5es contr\u00e1rias \u00e0 lei, \u00e0 moral ou \u00e0 ordem p\u00fablica, e a n\u00e3o realizar ac\u00e7\u00f5es que afectem a propriedade industrial e intelectual da EILZA ou de terceiros.<\/p>\n<h3>Comunica\u00e7\u00f5es comerciais<\/h3>\n<p>A EILZA pode enviar comunica\u00e7\u00f5es comerciais em conformidade com a legisla\u00e7\u00e3o vigente em mat\u00e9ria de prote\u00e7\u00e3o de dados. No caso das mensagens de correio eletr\u00f3nico, ser\u00e1 obtido o consentimento do Utilizador, que poder\u00e1 revog\u00e1-lo a qualquer momento, notificando a EILZA atrav\u00e9s do simples envio de uma mensagem de correio eletr\u00f3nico para o seguinte endere\u00e7o: <a href=\"mailto:info@fromago.info\">info@fromago.info<\/a><\/p>\n<h3>Legisla\u00e7\u00e3o aplic\u00e1vel<\/h3>\n<p>A rela\u00e7\u00e3o entre o Utilizador e o propriet\u00e1rio do s\u00edtio Web ser\u00e1 regida pela legisla\u00e7\u00e3o espanhola, sendo aplic\u00e1veis as normas do sistema jur\u00eddico espanhol. No caso de qualquer outra jurisdi\u00e7\u00e3o, as partes submetem-se aos Tribunais de Zamora.<\/p>\n<h2>Termos e condi\u00e7\u00f5es gerais<\/h2>\n<p>As presentes Condi\u00e7\u00f5es Gerais, juntamente com as condi\u00e7\u00f5es particulares que possam ser estabelecidas, regulam as rela\u00e7\u00f5es entre o EILZA e os expositores que contratam servi\u00e7os atrav\u00e9s do s\u00edtio Web.<\/p>\n<p>As presentes condi\u00e7\u00f5es foram elaboradas em conformidade com a Lei 7\/1998 sobre as Condi\u00e7\u00f5es Gerais de Contrata\u00e7\u00e3o, a Lei 3\/2014, de 27 de mar\u00e7o, para a Defesa dos Consumidores e Utilizadores, a Lei 7\/1996 sobre o Regulamento do Com\u00e9rcio a Retalho e, quando aplic\u00e1vel, a Lei 34\/2002, sobre Servi\u00e7os da Sociedade da Informa\u00e7\u00e3o e Com\u00e9rcio Eletr\u00f3nico.<\/p>\n<p>A presta\u00e7\u00e3o de servi\u00e7os implica a aceita\u00e7\u00e3o das presentes condi\u00e7\u00f5es pelo Utilizador, bem como das condi\u00e7\u00f5es gerais de utiliza\u00e7\u00e3o do s\u00edtio Web e, se for caso disso, das condi\u00e7\u00f5es espec\u00edficas.<\/p>\n<p>A EILZA comunica que os procedimentos para levar a cabo a presta\u00e7\u00e3o dos servi\u00e7os oferecidos s\u00e3o os detalhados nas presentes condi\u00e7\u00f5es, bem como os indicados no ecr\u00e3 para cada servi\u00e7o espec\u00edfico, permitindo ao Utilizador aceder a esta informa\u00e7\u00e3o de forma verdadeira, eficaz e completa, pelo menos tr\u00eas dias antes da contrata\u00e7\u00e3o do servi\u00e7o. O Utilizador declara ter conhecimento e aceitar estes procedimentos como requisitos necess\u00e1rios para receber o servi\u00e7o correspondente.<\/p>\n<p>Todos os dados fornecidos \u00e0 EILZA durante os processos de contrata\u00e7\u00e3o ser\u00e3o armazenados para que o Utilizador possa solicitar informa\u00e7\u00f5es sobre as opera\u00e7\u00f5es realizadas por si nos \u00faltimos 3 meses, mediante pedido por correio eletr\u00f3nico dirigido \u00e0 EILZA.<\/p>\n<p>Para aceder \u00e0 presta\u00e7\u00e3o dos servi\u00e7os oferecidos atrav\u00e9s deste s\u00edtio Web, a EILZA pode fornecer ao Utilizador um nome de utilizador e uma palavra-passe. Estes elementos s\u00e3o identificadores pessoais e intransmiss\u00edveis que permitem ao Utilizador aceder aos servi\u00e7os do s\u00edtio Web. A EILZA pode efetuar altera\u00e7\u00f5es sem aviso pr\u00e9vio e, nesse caso, as palavras-passe alteradas perder\u00e3o a validade.<\/p>\n<p>Todos os meios t\u00e9cnicos necess\u00e1rios para aceder ao s\u00edtio Web e utilizar os servi\u00e7os da EILZA ser\u00e3o da exclusiva responsabilidade do Utilizador, bem como quaisquer impostos ou outras despesas derivadas da presta\u00e7\u00e3o de servi\u00e7os.<\/p>\n<p>Os contratos celebrados atrav\u00e9s deste s\u00edtio Web ser\u00e3o regidos pela legisla\u00e7\u00e3o espanhola, que ser\u00e1 aplic\u00e1vel a todas as quest\u00f5es n\u00e3o abrangidas pelas presentes condi\u00e7\u00f5es no que respeita \u00e0 sua interpreta\u00e7\u00e3o, validade e execu\u00e7\u00e3o. No entanto, nos casos em que a regulamenta\u00e7\u00e3o permita que as partes se submetam a um tribunal, a EILZA e o Utilizador renunciam expressamente a qualquer outro foro que lhes possa corresponder.<\/p>\n","protected":false},"excerpt":{"rendered":"<p>Aviso legal Informa\u00e7\u00f5es gerais Propriedade do s\u00edtio Web A Fundaci\u00f3n Escuela Internacional de Industrias L\u00e1cteas, doravante EILZA, com sede social em Zamora, C\/ San Torcuato 11, Bajo, e CIF Q-49303795, \u00e9 a propriet\u00e1ria do s\u00edtio Web www.fromago.info (doravante, o s\u00edtio Web), colocando-o \u00e0 disposi\u00e7\u00e3o dos utilizadores da Internet com o objetivo de fornecer informa\u00e7\u00f5es sobre [&hellip;]<\/p>\n","protected":false},"author":1,"featured_media":0,"parent":0,"menu_order":0,"comment_status":"closed","ping_status":"closed","template":"","meta":{"_acf_changed":false,"om_disable_all_campaigns":false,"footnotes":""},"class_list":["post-926","page","type-page","status-publish","hentry"],"acf":[],"yoast_head":"<!-- This site is optimized with the Yoast SEO plugin v27.1.1 - https:\/\/yoast.com\/product\/yoast-seo-wordpress\/ -->\n<title>Aviso legal - Fromago 2026 - Cheese Experience - Zamora<\/title>\n<meta name=\"robots\" content=\"index, follow, max-snippet:-1, max-image-preview:large, max-video-preview:-1\" \/>\n<link rel=\"canonical\" href=\"https:\/\/fromago.info\/pt-pt\/aviso-legal\/\" \/>\n<meta property=\"og:locale\" content=\"pt_PT\" \/>\n<meta property=\"og:type\" content=\"article\" \/>\n<meta property=\"og:title\" content=\"Aviso legal - Fromago 2026 - Cheese Experience - Zamora\" \/>\n<meta property=\"og:description\" content=\"Aviso legal Informa\u00e7\u00f5es gerais Propriedade do s\u00edtio Web A Fundaci\u00f3n Escuela Internacional de Industrias L\u00e1cteas, doravante EILZA, com sede social em Zamora, C\/ San Torcuato 11, Bajo, e CIF Q-49303795, \u00e9 a propriet\u00e1ria do s\u00edtio Web www.fromago.info (doravante, o s\u00edtio Web), colocando-o \u00e0 disposi\u00e7\u00e3o dos utilizadores da Internet com o objetivo de fornecer informa\u00e7\u00f5es sobre [&hellip;]\" \/>\n<meta property=\"og:url\" content=\"https:\/\/fromago.info\/pt-pt\/aviso-legal\/\" \/>\n<meta property=\"og:site_name\" content=\"Fromago 2026 - Cheese Experience - Zamora\" \/>\n<meta property=\"article:publisher\" content=\"https:\/\/www.facebook.com\/FromagoZamora\/\" \/>\n<meta property=\"article:modified_time\" content=\"2023-12-28T11:51:57+00:00\" \/>\n<meta property=\"og:image\" content=\"https:\/\/fromago.info\/aef\/wp-content\/uploads\/logo-fromago-triangulo.jpg\" \/>\n\t<meta property=\"og:image:width\" content=\"1417\" \/>\n\t<meta property=\"og:image:height\" content=\"1417\" \/>\n\t<meta property=\"og:image:type\" content=\"image\/jpeg\" \/>\n<meta name=\"twitter:card\" content=\"summary_large_image\" \/>\n<meta name=\"twitter:site\" content=\"@FromagoZamora\" \/>\n<meta name=\"twitter:label1\" content=\"Tempo estimado de leitura\" \/>\n\t<meta name=\"twitter:data1\" content=\"7 minutos\" \/>\n<script type=\"application\/ld+json\" class=\"yoast-schema-graph\">{\"@context\":\"https:\/\/schema.org\",\"@graph\":[{\"@type\":\"WebPage\",\"@id\":\"https:\/\/fromago.info\/pt-pt\/aviso-legal\/\",\"url\":\"https:\/\/fromago.info\/pt-pt\/aviso-legal\/\",\"name\":\"Aviso legal - Fromago 2026 - Cheese Experience - Zamora\",\"isPartOf\":{\"@id\":\"https:\/\/fromago.info\/pt-pt\/#website\"},\"datePublished\":\"2023-12-28T06:27:55+00:00\",\"dateModified\":\"2023-12-28T11:51:57+00:00\",\"breadcrumb\":{\"@id\":\"https:\/\/fromago.info\/pt-pt\/aviso-legal\/#breadcrumb\"},\"inLanguage\":\"pt-PT\",\"potentialAction\":[{\"@type\":\"ReadAction\",\"target\":[\"https:\/\/fromago.info\/pt-pt\/aviso-legal\/\"]}]},{\"@type\":\"BreadcrumbList\",\"@id\":\"https:\/\/fromago.info\/pt-pt\/aviso-legal\/#breadcrumb\",\"itemListElement\":[{\"@type\":\"ListItem\",\"position\":1,\"name\":\"Portada\",\"item\":\"https:\/\/fromago.info\/pt-pt\/inicio\/\"},{\"@type\":\"ListItem\",\"position\":2,\"name\":\"Aviso legal\"}]},{\"@type\":\"WebSite\",\"@id\":\"https:\/\/fromago.info\/pt-pt\/#website\",\"url\":\"https:\/\/fromago.info\/pt-pt\/\",\"name\":\"Fromago 2026 - Cheese Experience - Zamora\",\"description\":\"El mayor evento quesero de Espa\u00f1a\",\"publisher\":{\"@id\":\"https:\/\/fromago.info\/pt-pt\/#organization\"},\"alternateName\":\"Fromago 2026 - Cheese Experience\",\"potentialAction\":[{\"@type\":\"SearchAction\",\"target\":{\"@type\":\"EntryPoint\",\"urlTemplate\":\"https:\/\/fromago.info\/pt-pt\/?s={search_term_string}\"},\"query-input\":{\"@type\":\"PropertyValueSpecification\",\"valueRequired\":true,\"valueName\":\"search_term_string\"}}],\"inLanguage\":\"pt-PT\"},{\"@type\":\"Organization\",\"@id\":\"https:\/\/fromago.info\/pt-pt\/#organization\",\"name\":\"Fromago 2026 - Cheese Experience\",\"alternateName\":\"Fromago 2026 - Cheese Experience - Zamora\",\"url\":\"https:\/\/fromago.info\/pt-pt\/\",\"logo\":{\"@type\":\"ImageObject\",\"inLanguage\":\"pt-PT\",\"@id\":\"https:\/\/fromago.info\/pt-pt\/#\/schema\/logo\/image\/\",\"url\":\"https:\/\/fromago.info\/aef\/wp-content\/uploads\/logo-fromago-triangulo.jpg\",\"contentUrl\":\"https:\/\/fromago.info\/aef\/wp-content\/uploads\/logo-fromago-triangulo.jpg\",\"width\":1417,\"height\":1417,\"caption\":\"Fromago 2026 - Cheese Experience\"},\"image\":{\"@id\":\"https:\/\/fromago.info\/pt-pt\/#\/schema\/logo\/image\/\"},\"sameAs\":[\"https:\/\/www.facebook.com\/FromagoZamora\/\",\"https:\/\/x.com\/FromagoZamora\",\"https:\/\/www.instagram.com\/fromagozamora\/\",\"https:\/\/www.youtube.com\/@FromagoZamora\"]}]}<\/script>\n<!-- \/ Yoast SEO plugin. -->","yoast_head_json":{"title":"Aviso legal - Fromago 2026 - Cheese Experience - Zamora","robots":{"index":"index","follow":"follow","max-snippet":"max-snippet:-1","max-image-preview":"max-image-preview:large","max-video-preview":"max-video-preview:-1"},"canonical":"https:\/\/fromago.info\/pt-pt\/aviso-legal\/","og_locale":"pt_PT","og_type":"article","og_title":"Aviso legal - Fromago 2026 - Cheese Experience - Zamora","og_description":"Aviso legal Informa\u00e7\u00f5es gerais Propriedade do s\u00edtio Web A Fundaci\u00f3n Escuela Internacional de Industrias L\u00e1cteas, doravante EILZA, com sede social em Zamora, C\/ San Torcuato 11, Bajo, e CIF Q-49303795, \u00e9 a propriet\u00e1ria do s\u00edtio Web www.fromago.info (doravante, o s\u00edtio Web), colocando-o \u00e0 disposi\u00e7\u00e3o dos utilizadores da Internet com o objetivo de fornecer informa\u00e7\u00f5es sobre [&hellip;]","og_url":"https:\/\/fromago.info\/pt-pt\/aviso-legal\/","og_site_name":"Fromago 2026 - Cheese Experience - Zamora","article_publisher":"https:\/\/www.facebook.com\/FromagoZamora\/","article_modified_time":"2023-12-28T11:51:57+00:00","og_image":[{"width":1417,"height":1417,"url":"https:\/\/fromago.info\/aef\/wp-content\/uploads\/logo-fromago-triangulo.jpg","type":"image\/jpeg"}],"twitter_card":"summary_large_image","twitter_site":"@FromagoZamora","twitter_misc":{"Tempo estimado de leitura":"7 minutos"},"schema":{"@context":"https:\/\/schema.org","@graph":[{"@type":"WebPage","@id":"https:\/\/fromago.info\/pt-pt\/aviso-legal\/","url":"https:\/\/fromago.info\/pt-pt\/aviso-legal\/","name":"Aviso legal - Fromago 2026 - Cheese Experience - Zamora","isPartOf":{"@id":"https:\/\/fromago.info\/pt-pt\/#website"},"datePublished":"2023-12-28T06:27:55+00:00","dateModified":"2023-12-28T11:51:57+00:00","breadcrumb":{"@id":"https:\/\/fromago.info\/pt-pt\/aviso-legal\/#breadcrumb"},"inLanguage":"pt-PT","potentialAction":[{"@type":"ReadAction","target":["https:\/\/fromago.info\/pt-pt\/aviso-legal\/"]}]},{"@type":"BreadcrumbList","@id":"https:\/\/fromago.info\/pt-pt\/aviso-legal\/#breadcrumb","itemListElement":[{"@type":"ListItem","position":1,"name":"Portada","item":"https:\/\/fromago.info\/pt-pt\/inicio\/"},{"@type":"ListItem","position":2,"name":"Aviso legal"}]},{"@type":"WebSite","@id":"https:\/\/fromago.info\/pt-pt\/#website","url":"https:\/\/fromago.info\/pt-pt\/","name":"Fromago 2026 - Cheese Experience - Zamora","description":"El mayor evento quesero de Espa\u00f1a","publisher":{"@id":"https:\/\/fromago.info\/pt-pt\/#organization"},"alternateName":"Fromago 2026 - Cheese Experience","potentialAction":[{"@type":"SearchAction","target":{"@type":"EntryPoint","urlTemplate":"https:\/\/fromago.info\/pt-pt\/?s={search_term_string}"},"query-input":{"@type":"PropertyValueSpecification","valueRequired":true,"valueName":"search_term_string"}}],"inLanguage":"pt-PT"},{"@type":"Organization","@id":"https:\/\/fromago.info\/pt-pt\/#organization","name":"Fromago 2026 - Cheese Experience","alternateName":"Fromago 2026 - Cheese Experience - Zamora","url":"https:\/\/fromago.info\/pt-pt\/","logo":{"@type":"ImageObject","inLanguage":"pt-PT","@id":"https:\/\/fromago.info\/pt-pt\/#\/schema\/logo\/image\/","url":"https:\/\/fromago.info\/aef\/wp-content\/uploads\/logo-fromago-triangulo.jpg","contentUrl":"https:\/\/fromago.info\/aef\/wp-content\/uploads\/logo-fromago-triangulo.jpg","width":1417,"height":1417,"caption":"Fromago 2026 - Cheese Experience"},"image":{"@id":"https:\/\/fromago.info\/pt-pt\/#\/schema\/logo\/image\/"},"sameAs":["https:\/\/www.facebook.com\/FromagoZamora\/","https:\/\/x.com\/FromagoZamora","https:\/\/www.instagram.com\/fromagozamora\/","https:\/\/www.youtube.com\/@FromagoZamora"]}]}},"_links":{"self":[{"href":"https:\/\/fromago.info\/pt-pt\/wp-json\/wp\/v2\/pages\/926","targetHints":{"allow":["GET"]}}],"collection":[{"href":"https:\/\/fromago.info\/pt-pt\/wp-json\/wp\/v2\/pages"}],"about":[{"href":"https:\/\/fromago.info\/pt-pt\/wp-json\/wp\/v2\/types\/page"}],"author":[{"embeddable":true,"href":"https:\/\/fromago.info\/pt-pt\/wp-json\/wp\/v2\/users\/1"}],"replies":[{"embeddable":true,"href":"https:\/\/fromago.info\/pt-pt\/wp-json\/wp\/v2\/comments?post=926"}],"version-history":[{"count":0,"href":"https:\/\/fromago.info\/pt-pt\/wp-json\/wp\/v2\/pages\/926\/revisions"}],"wp:attachment":[{"href":"https:\/\/fromago.info\/pt-pt\/wp-json\/wp\/v2\/media?parent=926"}],"curies":[{"name":"wp","href":"https:\/\/api.w.org\/{rel}","templated":true}]}}